{"id":6993,"date":"2024-09-06T02:46:52","date_gmt":"2024-09-06T00:46:52","guid":{"rendered":"https:\/\/tmg.devlocal\/?page_id=6993"},"modified":"2025-04-05T04:05:53","modified_gmt":"2025-04-05T02:05:53","slug":"korabbi-rendezvenyeink","status":"publish","type":"page","link":"https:\/\/reag-staging.tmg.hu\/sl\/prejsnji-dogodki\/","title":{"rendered":"Na\u0161i pretekli dogodki"},"content":{"rendered":"<div data-elementor-type=\"wp-page\" data-elementor-id=\"6993\" class=\"elementor elementor-6993\" data-elementor-post-type=\"page\">\n\t\t\t\t\t\t<section class=\"elementor-section elementor-top-section elementor-element elementor-element-52ccb22 elementor-section-full_width elementor-section-height-default elementor-section-height-default\" data-id=\"52ccb22\" data-element_type=\"section\" data-settings=\"{&quot;background_background&quot;:&quot;classic&quot;}\">\n\t\t\t\t\t\t<div class=\"elementor-container elementor-column-gap-default\">\n\t\t\t\t\t<div class=\"elementor-column elementor-col-100 elementor-top-column elementor-element elementor-element-b913bec\" data-id=\"b913bec\" data-element_type=\"column\">\n\t\t\t<div class=\"elementor-widget-wrap elementor-element-populated\">\n\t\t\t\t\t\t<section class=\"elementor-section elementor-inner-section elementor-element elementor-element-86c58ad elementor-section-boxed elementor-section-height-default elementor-section-height-default\" data-id=\"86c58ad\" data-element_type=\"section\">\n\t\t\t\t\t\t<div class=\"elementor-container elementor-column-gap-default\">\n\t\t\t\t\t<div class=\"elementor-column elementor-col-100 elementor-inner-column elementor-element elementor-element-4fde88e\" data-id=\"4fde88e\" data-element_type=\"column\">\n\t\t\t<div class=\"elementor-widget-wrap elementor-element-populated\">\n\t\t\t\t\t\t<div class=\"elementor-element elementor-element-f9b8ce6 elementor-widget elementor-widget-heading\" data-id=\"f9b8ce6\" data-element_type=\"widget\" data-widget_type=\"heading.default\">\n\t\t\t\t<div class=\"elementor-widget-container\">\n\t\t\t\t\t<h2 class=\"elementor-heading-title elementor-size-default\">Na\u0161i pretekli dogodki<\/h2>\t\t\t\t<\/div>\n\t\t\t\t<\/div>\n\t\t\t\t\t<\/div>\n\t\t<\/div>\n\t\t\t\t\t<\/div>\n\t\t<\/section>\n\t\t\t\t\t<\/div>\n\t\t<\/div>\n\t\t\t\t\t<\/div>\n\t\t<\/section>\n\t\t\t\t<section class=\"elementor-section elementor-top-section elementor-element elementor-element-fba6c9c elementor-section-boxed elementor-section-height-default elementor-section-height-default\" data-id=\"fba6c9c\" data-element_type=\"section\">\n\t\t\t\t\t\t<div class=\"elementor-container elementor-column-gap-default\">\n\t\t\t\t\t<div class=\"elementor-column elementor-col-100 elementor-top-column elementor-element elementor-element-4da26bc\" data-id=\"4da26bc\" data-element_type=\"column\">\n\t\t\t<div class=\"elementor-widget-wrap elementor-element-populated\">\n\t\t\t\t\t\t<div class=\"elementor-element elementor-element-b20e280 elementor-widget elementor-widget-text-editor\" data-id=\"b20e280\" data-element_type=\"widget\" data-widget_type=\"text-editor.default\">\n\t\t\t\t<div class=\"elementor-widget-container\">\n\t\t\t\t\t\n<div class=\"list-events-container py-5\">\n\n    <div class=\"d-flex justify-content-center text-uppercase mb-5\">\n\n        <a href=\"https:\/\/reag-staging.tmg.hu\/sl\/esemenyek\"\n           class=\"px-3\">Aktualni dogodki\n        <\/a>\n\n        <a href=\"https:\/\/reag-staging.tmg.hu\/sl\/korabbi-rendezvenyeink\"\n           class=\"px-3\">Na\u0161i pretekli dogodki\n        <\/a>\n\n    <\/div>\n\n\t\n\t\n        <div class=\"event-card\">\n\n            <div class=\"row py-3\">\n\n                <div class=\"col-6 col-lg-2\">\n\n                    <div class=\"d-flex flex-column justify-content-center align-items-center text-white p-3 h-100 bg-light-green\">\n\n                        <span class=\"fs-6\">\n\t\t\t\t\t\t\t2026.                        <\/span>\n\n                        <span class=\"fw-bold mb-n3\">\n\t\t\t\t\t\t\tjanuar                        <\/span>\n\n                        <span class=\"font-size-huge fw-light mb-n2\">\n\t\t\t\t\t\t\t29                        <\/span>\n\n                    <\/div>\n\n                <\/div>\n\n                <div class=\"col-6 col-lg-2\">\n\n                    <div class=\"h-100\">\n\n                        <a href=\"https:\/\/reag-staging.tmg.hu\/sl\/event\/tmg-reag-ix-talajelet-konferencia-es-szakkiallitas-2026\/\">\n                            <img decoding=\"async\" class=\"h-100 w-100 object-fit-cover\"\n                                 alt=\"Konferenca in razstava TMG REAG IX Soil Life - 2026.\"\n                                 title=\"Konferenca in razstava TMG REAG IX Soil Life - 2026.\"\n                                 src=\"https:\/\/reag-staging.tmg.hu\/wp-content\/uploads\/2024\/11\/reag-sm-300x180.jpg\">\n                        <\/a>\n\n                    <\/div>\n\n                <\/div>\n\n                <div class=\"col-12 col-lg-6 m-lg-0 mt-4\">\n\n                    <div class=\"d-flex flex-column\">\n\n                        <div class=\"text-start\">\n\n                            <a href=\"https:\/\/reag-staging.tmg.hu\/sl\/event\/tmg-reag-ix-talajelet-konferencia-es-szakkiallitas-2026\/\">\n                                <h5 class=\"text-uppercase fw-bold fs-6 mb-1\">\n\t\t\t\t\t\t\t\t\tKonferenca in razstava TMG REAG IX Soil Life - 2026.                                <\/h5>\n                            <\/a>\n\n                            <p class=\"font-size-small mb-2\">\n\t\t\t\t\t\t\t\tVojna, ki jo vodimo proti naravi, prina\u0161a le pora\u017eence, saj smo uni\u010dili dva najpomembnej\u0161a vira: vodo in zemljo.\r\n\r\nIz te ve\u010dstoletne vojne je le en izhod: mir. Klju\u010d je brez obdelave tal.                            <\/p>\n\n                        <\/div>\n\n                        <div class=\"d-flex align-items-center\">\n\n                            <img decoding=\"async\" src=\"https:\/\/reag-staging.tmg.hu\/wp-content\/uploads\/2024\/09\/ikonok.png\" class=\"me-2\">\n                            <span class=\"font-size-small\">\n                                Koordinate GPS: 46.76345365893018, 19.64663672786332                            <\/span>\n\n                        <\/div>\n\n                    <\/div>\n\n                <\/div>\n\n                <div class=\"col-2 d-lg-block d-none\">\n\n                    <div class=\"d-flex justify-content-center align-items-center h-100\">\n\n                        <a href=\"https:\/\/reag-staging.tmg.hu\/sl\/event\/tmg-reag-ix-talajelet-konferencia-es-szakkiallitas-2026\/\">\n\n                            <svg xmlns=\"http:\/\/www.w3.org\/2000\/svg\" width=\"60\" height=\"60\" fill=\"#85BA61\" class=\"bi bi-chevron-right\" viewbox=\"0 0 16 16\">\n                                <path fill-rule=\"evenodd\"\n                                      d=\"M4.646 1.646a.5.5 0 0 1 .708 0l6 6a.5.5 0 0 1 0 .708l-6 6a.5.5 0 0 1-.708-.708L10.293 8 4.646 2.354a.5.5 0 0 1 0-.708\"\/>\n                            <\/svg>\n\n                        <\/a>\n\n                    <\/div>\n\n                <\/div>\n\n            <\/div>\n\n        <\/div>\n\n\t\n        <div class=\"event-card\">\n\n            <div class=\"row py-3\">\n\n                <div class=\"col-6 col-lg-2\">\n\n                    <div class=\"d-flex flex-column justify-content-center align-items-center text-white p-3 h-100 bg-light-green\">\n\n                        <span class=\"fs-6\">\n\t\t\t\t\t\t\t2025.                        <\/span>\n\n                        <span class=\"fw-bold mb-n3\">\n\t\t\t\t\t\t\tjanuar                        <\/span>\n\n                        <span class=\"font-size-huge fw-light mb-n2\">\n\t\t\t\t\t\t\t16                        <\/span>\n\n                    <\/div>\n\n                <\/div>\n\n                <div class=\"col-6 col-lg-2\">\n\n                    <div class=\"h-100\">\n\n                        <a href=\"https:\/\/reag-staging.tmg.hu\/sl\/event\/tmg-reag-viii-talajelet-konferencia-es-szakkiallitas-2025\/\">\n                            <img decoding=\"async\" class=\"h-100 w-100 object-fit-cover\"\n                                 alt=\"Konferenca in razstava TMG REAG VIII Soil Life - 2025.\"\n                                 title=\"Konferenca in razstava TMG REAG VIII Soil Life - 2025.\"\n                                 src=\"https:\/\/reag-staging.tmg.hu\/wp-content\/uploads\/2024\/11\/reag-sm-300x180.jpg\">\n                        <\/a>\n\n                    <\/div>\n\n                <\/div>\n\n                <div class=\"col-12 col-lg-6 m-lg-0 mt-4\">\n\n                    <div class=\"d-flex flex-column\">\n\n                        <div class=\"text-start\">\n\n                            <a href=\"https:\/\/reag-staging.tmg.hu\/sl\/event\/tmg-reag-viii-talajelet-konferencia-es-szakkiallitas-2025\/\">\n                                <h5 class=\"text-uppercase fw-bold fs-6 mb-1\">\n\t\t\t\t\t\t\t\t\tKonferenca in razstava TMG REAG VIII Soil Life - 2025.                                <\/h5>\n                            <\/a>\n\n                            <p class=\"font-size-small mb-2\">\n\t\t\t\t\t\t\t\tSte se pripravljeni odzvati na spreminjajo\u010de se podnebne razmere z novimi tehnolo\u0161kimi in gastronomskimi re\u0161itvami za lastno pre\u017eivetje in pre\u017eivetje celotne dru\u017ebe?\r\n\r\nLahko vam pomagamo! \u017divljenje in pre\u017eivetje se za\u010dneta v zemlji!                            <\/p>\n\n                        <\/div>\n\n                        <div class=\"d-flex align-items-center\">\n\n                            <img decoding=\"async\" src=\"https:\/\/reag-staging.tmg.hu\/wp-content\/uploads\/2024\/09\/ikonok.png\" class=\"me-2\">\n                            <span class=\"font-size-small\">\n                                Koordinate GPS: 46.76345365893018, 19.64663672786332                            <\/span>\n\n                        <\/div>\n\n                    <\/div>\n\n                <\/div>\n\n                <div class=\"col-2 d-lg-block d-none\">\n\n                    <div class=\"d-flex justify-content-center align-items-center h-100\">\n\n                        <a href=\"https:\/\/reag-staging.tmg.hu\/sl\/event\/tmg-reag-viii-talajelet-konferencia-es-szakkiallitas-2025\/\">\n\n                            <svg xmlns=\"http:\/\/www.w3.org\/2000\/svg\" width=\"60\" height=\"60\" fill=\"#85BA61\" class=\"bi bi-chevron-right\" viewbox=\"0 0 16 16\">\n                                <path fill-rule=\"evenodd\"\n                                      d=\"M4.646 1.646a.5.5 0 0 1 .708 0l6 6a.5.5 0 0 1 0 .708l-6 6a.5.5 0 0 1-.708-.708L10.293 8 4.646 2.354a.5.5 0 0 1 0-.708\"\/>\n                            <\/svg>\n\n                        <\/a>\n\n                    <\/div>\n\n                <\/div>\n\n            <\/div>\n\n        <\/div>\n\n\t\n        <div class=\"event-card\">\n\n            <div class=\"row py-3\">\n\n                <div class=\"col-6 col-lg-2\">\n\n                    <div class=\"d-flex flex-column justify-content-center align-items-center text-white p-3 h-100 bg-light-green\">\n\n                        <span class=\"fs-6\">\n\t\t\t\t\t\t\t2025.                        <\/span>\n\n                        <span class=\"fw-bold mb-n3\">\n\t\t\t\t\t\t\tjanuar                        <\/span>\n\n                        <span class=\"font-size-huge fw-light mb-n2\">\n\t\t\t\t\t\t\t10                        <\/span>\n\n                    <\/div>\n\n                <\/div>\n\n                <div class=\"col-6 col-lg-2\">\n\n                    <div class=\"h-100\">\n\n                        <a href=\"https:\/\/reag-staging.tmg.hu\/sl\/event\/tmg-reag-viii-talajelet-konferencia-es-szakkiallitas-2025-2\/\">\n                            <img decoding=\"async\" class=\"h-100 w-100 object-fit-cover\"\n                                 alt=\"Konferenca in razstava TMG REAG VII Soil Life - 2024.\"\n                                 title=\"Konferenca in razstava TMG REAG VII Soil Life - 2024.\"\n                                 src=\"https:\/\/reag-staging.tmg.hu\/wp-content\/uploads\/2024\/11\/reag-sm-300x180.jpg\">\n                        <\/a>\n\n                    <\/div>\n\n                <\/div>\n\n                <div class=\"col-12 col-lg-6 m-lg-0 mt-4\">\n\n                    <div class=\"d-flex flex-column\">\n\n                        <div class=\"text-start\">\n\n                            <a href=\"https:\/\/reag-staging.tmg.hu\/sl\/event\/tmg-reag-viii-talajelet-konferencia-es-szakkiallitas-2025-2\/\">\n                                <h5 class=\"text-uppercase fw-bold fs-6 mb-1\">\n\t\t\t\t\t\t\t\t\tKonferenca in razstava TMG REAG VII Soil Life - 2024.                                <\/h5>\n                            <\/a>\n\n                            <p class=\"font-size-small mb-2\">\n\t\t\t\t\t\t\t\tSte se pripravljeni odzvati na spreminjajo\u010de se podnebne razmere z novimi tehnolo\u0161kimi in gastronomskimi re\u0161itvami za lastno pre\u017eivetje in pre\u017eivetje celotne dru\u017ebe?\r\n\r\nLahko vam pomagamo! \u017divljenje in pre\u017eivetje se za\u010dneta v zemlji!                            <\/p>\n\n                        <\/div>\n\n                        <div class=\"d-flex align-items-center\">\n\n                            <img decoding=\"async\" src=\"https:\/\/reag-staging.tmg.hu\/wp-content\/uploads\/2024\/09\/ikonok.png\" class=\"me-2\">\n                            <span class=\"font-size-small\">\n                                Koordinate GPS: 46.76345365893018, 19.64663672786332                            <\/span>\n\n                        <\/div>\n\n                    <\/div>\n\n                <\/div>\n\n                <div class=\"col-2 d-lg-block d-none\">\n\n                    <div class=\"d-flex justify-content-center align-items-center h-100\">\n\n                        <a href=\"https:\/\/reag-staging.tmg.hu\/sl\/event\/tmg-reag-viii-talajelet-konferencia-es-szakkiallitas-2025-2\/\">\n\n                            <svg xmlns=\"http:\/\/www.w3.org\/2000\/svg\" width=\"60\" height=\"60\" fill=\"#85BA61\" class=\"bi bi-chevron-right\" viewbox=\"0 0 16 16\">\n                                <path fill-rule=\"evenodd\"\n                                      d=\"M4.646 1.646a.5.5 0 0 1 .708 0l6 6a.5.5 0 0 1 0 .708l-6 6a.5.5 0 0 1-.708-.708L10.293 8 4.646 2.354a.5.5 0 0 1 0-.708\"\/>\n                            <\/svg>\n\n                        <\/a>\n\n                    <\/div>\n\n                <\/div>\n\n            <\/div>\n\n        <\/div>\n\n\t\n<\/div>\n\t\t\t\t<p><\/p>\t\t\t\t\t\t\t\t<\/div>\n\t\t\t\t<\/div>\n\t\t\t\t\t<\/div>\n\t\t<\/div>\n\t\t\t\t\t<\/div>\n\t\t<\/section>\n\t\t\t\t<\/div>","protected":false},"excerpt":{"rendered":"<p>Na\u0161i pretekli dogodki<\/p>","protected":false},"author":141,"featured_media":0,"parent":0,"menu_order":0,"comment_status":"closed","ping_status":"closed","template":"elementor_header_footer","meta":{"footnotes":""},"class_list":["post-6993","page","type-page","status-publish","hentry"],"yoast_head":"<!-- This site is optimized with the Yoast SEO plugin v24.8.1 - https:\/\/yoast.com\/wordpress\/plugins\/seo\/ -->\n<title>Kor\u00e1bbi rendezv\u00e9nyeink - Talajmeg\u00faj\u00edt\u00f3 Gazd\u00e1k Egyes\u00fclete<\/title>\n<meta name=\"robots\" content=\"index, follow, max-snippet:-1, max-image-preview:large, max-video-preview:-1\" \/>\n<link rel=\"canonical\" href=\"https:\/\/reag.devlocal\/korabbi-rendezvenyeink\/\" \/>\n<meta property=\"og:locale\" content=\"sl_SI\" \/>\n<meta property=\"og:type\" content=\"article\" \/>\n<meta property=\"og:title\" content=\"Kor\u00e1bbi rendezv\u00e9nyeink - Talajmeg\u00faj\u00edt\u00f3 Gazd\u00e1k Egyes\u00fclete\" \/>\n<meta property=\"og:description\" content=\"Kor\u00e1bbi rendezv\u00e9nyeink\" \/>\n<meta property=\"og:url\" content=\"https:\/\/reag.devlocal\/korabbi-rendezvenyeink\/\" \/>\n<meta property=\"og:site_name\" content=\"Talajmeg\u00faj\u00edt\u00f3 Gazd\u00e1k Egyes\u00fclete\" \/>\n<meta property=\"article:publisher\" content=\"https:\/\/www.facebook.com\/tmg.egyesulet\/\" \/>\n<meta property=\"article:modified_time\" content=\"2025-04-05T02:05:53+00:00\" \/>\n<meta property=\"og:image\" content=\"https:\/\/reag-staging.tmg.hu\/wp-content\/uploads\/2024\/10\/tmg_og_logo.png\" \/>\n\t<meta property=\"og:image:width\" content=\"1200\" \/>\n\t<meta property=\"og:image:height\" content=\"630\" \/>\n\t<meta property=\"og:image:type\" content=\"image\/png\" \/>\n<meta name=\"twitter:card\" content=\"summary_large_image\" \/>\n<meta name=\"twitter:label1\" content=\"Est. reading time\" \/>\n\t<meta name=\"twitter:data1\" content=\"2 minuti\" \/>\n<script type=\"application\/ld+json\" class=\"yoast-schema-graph\">{\"@context\":\"https:\/\/schema.org\",\"@graph\":[{\"@type\":\"WebPage\",\"@id\":\"https:\/\/reag.devlocal\/korabbi-rendezvenyeink\/\",\"url\":\"https:\/\/reag.devlocal\/korabbi-rendezvenyeink\/\",\"name\":\"Kor\u00e1bbi rendezv\u00e9nyeink - Talajmeg\u00faj\u00edt\u00f3 Gazd\u00e1k Egyes\u00fclete\",\"isPartOf\":{\"@id\":\"https:\/\/tmg.hu\/#website\"},\"datePublished\":\"2024-09-06T00:46:52+00:00\",\"dateModified\":\"2025-04-05T02:05:53+00:00\",\"breadcrumb\":{\"@id\":\"https:\/\/reag.devlocal\/korabbi-rendezvenyeink\/#breadcrumb\"},\"inLanguage\":\"sl-SI\",\"potentialAction\":[{\"@type\":\"ReadAction\",\"target\":[\"https:\/\/reag.devlocal\/korabbi-rendezvenyeink\/\"]}]},{\"@type\":\"BreadcrumbList\",\"@id\":\"https:\/\/reag.devlocal\/korabbi-rendezvenyeink\/#breadcrumb\",\"itemListElement\":[{\"@type\":\"ListItem\",\"position\":1,\"name\":\"Home\",\"item\":\"https:\/\/reag-staging.tmg.hu\/\"},{\"@type\":\"ListItem\",\"position\":2,\"name\":\"Kor\u00e1bbi rendezv\u00e9nyeink\"}]},{\"@type\":\"WebSite\",\"@id\":\"https:\/\/tmg.hu\/#website\",\"url\":\"https:\/\/tmg.hu\/\",\"name\":\"TMG - Talajmeg\u00faj\u00edt\u00f3 Gazd\u00e1k Egyes\u00fclete\",\"description\":\"Talajmeg\u00faj\u00edt\u00f3 Gazd\u00e1k Egyes\u00fclete\",\"publisher\":{\"@id\":\"https:\/\/tmg.hu\/#organization\"},\"potentialAction\":[{\"@type\":\"SearchAction\",\"target\":{\"@type\":\"EntryPoint\",\"urlTemplate\":\"https:\/\/tmg.hu\/?s={search_term_string}\"},\"query-input\":{\"@type\":\"PropertyValueSpecification\",\"valueRequired\":true,\"valueName\":\"search_term_string\"}}],\"inLanguage\":\"sl-SI\"},{\"@type\":\"Organization\",\"@id\":\"https:\/\/tmg.hu\/#organization\",\"name\":\"Talajmeg\u00faj\u00edt\u00f3 Gazd\u00e1k Egyes\u00fclete\",\"url\":\"https:\/\/tmg.hu\/\",\"logo\":{\"@type\":\"ImageObject\",\"inLanguage\":\"sl-SI\",\"@id\":\"https:\/\/tmg.hu\/#\/schema\/logo\/image\/\",\"url\":\"https:\/\/reag-staging.tmg.hu\/wp-content\/uploads\/2024\/10\/tmg_og_logo.png\",\"contentUrl\":\"https:\/\/reag-staging.tmg.hu\/wp-content\/uploads\/2024\/10\/tmg_og_logo.png\",\"width\":1200,\"height\":630,\"caption\":\"Talajmeg\u00faj\u00edt\u00f3 Gazd\u00e1k Egyes\u00fclete\"},\"image\":{\"@id\":\"https:\/\/tmg.hu\/#\/schema\/logo\/image\/\"},\"sameAs\":[\"https:\/\/www.facebook.com\/tmg.egyesulet\/\",\"https:\/\/www.instagram.com\/reag-staging.tmg.hu\/\",\"https:\/\/www.youtube.com\/@tmg_egyesulet\"]}]}<\/script>\n<!-- \/ Yoast SEO plugin. -->","yoast_head_json":{"title":"Kor\u00e1bbi rendezv\u00e9nyeink - Talajmeg\u00faj\u00edt\u00f3 Gazd\u00e1k Egyes\u00fclete","robots":{"index":"index","follow":"follow","max-snippet":"max-snippet:-1","max-image-preview":"max-image-preview:large","max-video-preview":"max-video-preview:-1"},"canonical":"https:\/\/reag.devlocal\/korabbi-rendezvenyeink\/","og_locale":"sl_SI","og_type":"article","og_title":"Kor\u00e1bbi rendezv\u00e9nyeink - Talajmeg\u00faj\u00edt\u00f3 Gazd\u00e1k Egyes\u00fclete","og_description":"Kor\u00e1bbi rendezv\u00e9nyeink","og_url":"https:\/\/reag.devlocal\/korabbi-rendezvenyeink\/","og_site_name":"Talajmeg\u00faj\u00edt\u00f3 Gazd\u00e1k Egyes\u00fclete","article_publisher":"https:\/\/www.facebook.com\/tmg.egyesulet\/","article_modified_time":"2025-04-05T02:05:53+00:00","og_image":[{"width":1200,"height":630,"url":"https:\/\/reag-staging.tmg.hu\/wp-content\/uploads\/2024\/10\/tmg_og_logo.png","type":"image\/png"}],"twitter_card":"summary_large_image","twitter_misc":{"Est. reading time":"2 minuti"},"schema":{"@context":"https:\/\/schema.org","@graph":[{"@type":"WebPage","@id":"https:\/\/reag.devlocal\/korabbi-rendezvenyeink\/","url":"https:\/\/reag.devlocal\/korabbi-rendezvenyeink\/","name":"Kor\u00e1bbi rendezv\u00e9nyeink - Talajmeg\u00faj\u00edt\u00f3 Gazd\u00e1k Egyes\u00fclete","isPartOf":{"@id":"https:\/\/tmg.hu\/#website"},"datePublished":"2024-09-06T00:46:52+00:00","dateModified":"2025-04-05T02:05:53+00:00","breadcrumb":{"@id":"https:\/\/reag.devlocal\/korabbi-rendezvenyeink\/#breadcrumb"},"inLanguage":"sl-SI","potentialAction":[{"@type":"ReadAction","target":["https:\/\/reag.devlocal\/korabbi-rendezvenyeink\/"]}]},{"@type":"BreadcrumbList","@id":"https:\/\/reag.devlocal\/korabbi-rendezvenyeink\/#breadcrumb","itemListElement":[{"@type":"ListItem","position":1,"name":"Home","item":"https:\/\/reag-staging.tmg.hu\/"},{"@type":"ListItem","position":2,"name":"Kor\u00e1bbi rendezv\u00e9nyeink"}]},{"@type":"WebSite","@id":"https:\/\/tmg.hu\/#website","url":"https:\/\/tmg.hu\/","name":"TMG - Talajmeg\u00faj\u00edt\u00f3 Gazd\u00e1k Egyes\u00fclete","description":"Talajmeg\u00faj\u00edt\u00f3 Gazd\u00e1k Egyes\u00fclete","publisher":{"@id":"https:\/\/tmg.hu\/#organization"},"potentialAction":[{"@type":"SearchAction","target":{"@type":"EntryPoint","urlTemplate":"https:\/\/tmg.hu\/?s={search_term_string}"},"query-input":{"@type":"PropertyValueSpecification","valueRequired":true,"valueName":"search_term_string"}}],"inLanguage":"sl-SI"},{"@type":"Organization","@id":"https:\/\/tmg.hu\/#organization","name":"Talajmeg\u00faj\u00edt\u00f3 Gazd\u00e1k Egyes\u00fclete","url":"https:\/\/tmg.hu\/","logo":{"@type":"ImageObject","inLanguage":"sl-SI","@id":"https:\/\/tmg.hu\/#\/schema\/logo\/image\/","url":"https:\/\/reag-staging.tmg.hu\/wp-content\/uploads\/2024\/10\/tmg_og_logo.png","contentUrl":"https:\/\/reag-staging.tmg.hu\/wp-content\/uploads\/2024\/10\/tmg_og_logo.png","width":1200,"height":630,"caption":"Talajmeg\u00faj\u00edt\u00f3 Gazd\u00e1k Egyes\u00fclete"},"image":{"@id":"https:\/\/tmg.hu\/#\/schema\/logo\/image\/"},"sameAs":["https:\/\/www.facebook.com\/tmg.egyesulet\/","https:\/\/www.instagram.com\/reag-staging.tmg.hu\/","https:\/\/www.youtube.com\/@tmg_egyesulet"]}]}},"_links":{"self":[{"href":"https:\/\/reag-staging.tmg.hu\/sl\/wp-json\/wp\/v2\/pages\/6993","targetHints":{"allow":["GET"]}}],"collection":[{"href":"https:\/\/reag-staging.tmg.hu\/sl\/wp-json\/wp\/v2\/pages"}],"about":[{"href":"https:\/\/reag-staging.tmg.hu\/sl\/wp-json\/wp\/v2\/types\/page"}],"author":[{"embeddable":true,"href":"https:\/\/reag-staging.tmg.hu\/sl\/wp-json\/wp\/v2\/users\/141"}],"replies":[{"embeddable":true,"href":"https:\/\/reag-staging.tmg.hu\/sl\/wp-json\/wp\/v2\/comments?post=6993"}],"version-history":[{"count":4,"href":"https:\/\/reag-staging.tmg.hu\/sl\/wp-json\/wp\/v2\/pages\/6993\/revisions"}],"predecessor-version":[{"id":10213,"href":"https:\/\/reag-staging.tmg.hu\/sl\/wp-json\/wp\/v2\/pages\/6993\/revisions\/10213"}],"wp:attachment":[{"href":"https:\/\/reag-staging.tmg.hu\/sl\/wp-json\/wp\/v2\/media?parent=6993"}],"curies":[{"name":"wp","href":"https:\/\/api.w.org\/{rel}","templated":true}]}}