{"id":3,"date":"2019-06-23T12:45:30","date_gmt":"2019-06-23T12:45:30","guid":{"rendered":"http:\/\/tmg.hu\/?page_id=3"},"modified":"2025-03-31T23:23:08","modified_gmt":"2025-03-31T21:23:08","slug":"adatkezelesi-tajekoztato","status":"publish","type":"page","link":"https:\/\/reag-staging.tmg.hu\/sk\/informacie-o-sprave-udajov\/","title":{"rendered":"Ozn\u00e1menie o ochrane osobn\u00fdch \u00fadajov"},"content":{"rendered":"<div data-elementor-type=\"wp-page\" data-elementor-id=\"3\" class=\"elementor elementor-3\" data-elementor-post-type=\"page\">\n\t\t\t\t\t\t<section class=\"elementor-section elementor-top-section elementor-element elementor-element-61bf93a elementor-section-boxed elementor-section-height-default elementor-section-height-default\" data-id=\"61bf93a\" data-element_type=\"section\">\n\t\t\t\t\t\t<div class=\"elementor-container elementor-column-gap-default\">\n\t\t\t\t\t<div class=\"elementor-column elementor-col-100 elementor-top-column elementor-element elementor-element-decfd22\" data-id=\"decfd22\" data-element_type=\"column\">\n\t\t\t<div class=\"elementor-widget-wrap elementor-element-populated\">\n\t\t\t\t\t\t<div class=\"elementor-element elementor-element-aa58a3a elementor-widget elementor-widget-heading\" data-id=\"aa58a3a\" data-element_type=\"widget\" data-widget_type=\"heading.default\">\n\t\t\t\t<div class=\"elementor-widget-container\">\n\t\t\t\t\t<h2 class=\"elementor-heading-title elementor-size-default\">Ozn\u00e1menie o ochrane osobn\u00fdch \u00fadajov<\/h2>\t\t\t\t<\/div>\n\t\t\t\t<\/div>\n\t\t\t\t\t<\/div>\n\t\t<\/div>\n\t\t\t\t\t<\/div>\n\t\t<\/section>\n\t\t\t\t<section class=\"elementor-section elementor-top-section elementor-element elementor-element-ba79d06 elementor-section-boxed elementor-section-height-default elementor-section-height-default\" data-id=\"ba79d06\" data-element_type=\"section\">\n\t\t\t\t\t\t<div class=\"elementor-container elementor-column-gap-default\">\n\t\t\t\t\t<div class=\"elementor-column elementor-col-100 elementor-top-column elementor-element elementor-element-589a058\" data-id=\"589a058\" data-element_type=\"column\">\n\t\t\t<div class=\"elementor-widget-wrap elementor-element-populated\">\n\t\t\t\t\t\t<div class=\"elementor-element elementor-element-6c46931 elementor-widget elementor-widget-html\" data-id=\"6c46931\" data-element_type=\"widget\" data-widget_type=\"html.default\">\n\t\t\t\t<div class=\"elementor-widget-container\">\n\t\t\t\t\t<!--HEAD VIRTUALJOG_DOCUMENT_SYNC-->\n <script type=\"text\/javascript\" src=\"https:\/\/app.virtualjog.hu\/js\/document-api-sync.js\"><\/script>\n <script type=\"text\/javascript\">\n    VIRTUALJOG_DOCUMENT_SYNC.init({\"documentID\" : 8118, \"accessToken\" : \"84a3929c37edb263d562b181edfec50d\", \"app\" : 1});\n <\/script>\n<!--HEAD VIRTUALJOG_DOCUMENT_SYNC V\u00c9GE-->\n\n\n<!--BODY VIRTUALJOG_DOCUMENT_SYNC-->\n <div id=\"virtualjog-document-sync\"><\/div>\n<!--BODY VIRTUALJOG_DOCUMENT_SYNC V\u00c9GE-->\n\t\t\t\t<\/div>\n\t\t\t\t<\/div>\n\t\t\t\t\t<\/div>\n\t\t<\/div>\n\t\t\t\t\t<\/div>\n\t\t<\/section>\n\t\t\t\t<\/div>","protected":false},"excerpt":{"rendered":"<p>Ozn\u00e1menie o ochrane osobn\u00fdch \u00fadajov<\/p>","protected":false},"author":1,"featured_media":0,"parent":0,"menu_order":0,"comment_status":"closed","ping_status":"open","template":"elementor_header_footer","meta":{"footnotes":""},"class_list":["post-3","page","type-page","status-publish","hentry"],"yoast_head":"<!-- This site is optimized with the Yoast SEO plugin v24.8.1 - https:\/\/yoast.com\/wordpress\/plugins\/seo\/ -->\n<title>Adatkezel\u00e9si T\u00e1j\u00e9koztat\u00f3 - Talajmeg\u00faj\u00edt\u00f3 Gazd\u00e1k Egyes\u00fclete<\/title>\n<meta name=\"robots\" content=\"index, follow, max-snippet:-1, max-image-preview:large, max-video-preview:-1\" \/>\n<link rel=\"canonical\" href=\"https:\/\/tmg.hu\/adatkezelesi-tajekoztato\/\" \/>\n<meta property=\"og:locale\" content=\"sk_SK\" \/>\n<meta property=\"og:type\" content=\"article\" \/>\n<meta property=\"og:title\" content=\"Adatkezel\u00e9si T\u00e1j\u00e9koztat\u00f3 - Talajmeg\u00faj\u00edt\u00f3 Gazd\u00e1k Egyes\u00fclete\" \/>\n<meta property=\"og:description\" content=\"Adatkezel\u00e9si T\u00e1j\u00e9koztat\u00f3\" \/>\n<meta property=\"og:url\" content=\"https:\/\/tmg.hu\/adatkezelesi-tajekoztato\/\" \/>\n<meta property=\"og:site_name\" content=\"Talajmeg\u00faj\u00edt\u00f3 Gazd\u00e1k Egyes\u00fclete\" \/>\n<meta property=\"article:publisher\" content=\"https:\/\/www.facebook.com\/tmg.egyesulet\/\" \/>\n<meta property=\"article:modified_time\" content=\"2025-03-31T21:23:08+00:00\" \/>\n<meta property=\"og:image\" content=\"https:\/\/reag-staging.tmg.hu\/wp-content\/uploads\/2024\/10\/tmg_og_logo.png\" \/>\n\t<meta property=\"og:image:width\" content=\"1200\" \/>\n\t<meta property=\"og:image:height\" content=\"630\" \/>\n\t<meta property=\"og:image:type\" content=\"image\/png\" \/>\n<meta name=\"twitter:card\" content=\"summary_large_image\" \/>\n<meta name=\"twitter:label1\" content=\"Predpokladan\u00fd \u010das \u010d\u00edtania\" \/>\n\t<meta name=\"twitter:data1\" content=\"36 min\u00fat\" \/>\n<script type=\"application\/ld+json\" class=\"yoast-schema-graph\">{\"@context\":\"https:\/\/schema.org\",\"@graph\":[{\"@type\":\"WebPage\",\"@id\":\"https:\/\/tmg.hu\/adatkezelesi-tajekoztato\/\",\"url\":\"https:\/\/tmg.hu\/adatkezelesi-tajekoztato\/\",\"name\":\"Adatkezel\u00e9si T\u00e1j\u00e9koztat\u00f3 - Talajmeg\u00faj\u00edt\u00f3 Gazd\u00e1k Egyes\u00fclete\",\"isPartOf\":{\"@id\":\"https:\/\/tmg.hu\/#website\"},\"datePublished\":\"2019-06-23T12:45:30+00:00\",\"dateModified\":\"2025-03-31T21:23:08+00:00\",\"breadcrumb\":{\"@id\":\"https:\/\/tmg.hu\/adatkezelesi-tajekoztato\/#breadcrumb\"},\"inLanguage\":\"sk-SK\",\"potentialAction\":[{\"@type\":\"ReadAction\",\"target\":[\"https:\/\/tmg.hu\/adatkezelesi-tajekoztato\/\"]}]},{\"@type\":\"BreadcrumbList\",\"@id\":\"https:\/\/tmg.hu\/adatkezelesi-tajekoztato\/#breadcrumb\",\"itemListElement\":[{\"@type\":\"ListItem\",\"position\":1,\"name\":\"Home\",\"item\":\"https:\/\/reag-staging.tmg.hu\/\"},{\"@type\":\"ListItem\",\"position\":2,\"name\":\"Adatkezel\u00e9si T\u00e1j\u00e9koztat\u00f3\"}]},{\"@type\":\"WebSite\",\"@id\":\"https:\/\/tmg.hu\/#website\",\"url\":\"https:\/\/tmg.hu\/\",\"name\":\"TMG - Talajmeg\u00faj\u00edt\u00f3 Gazd\u00e1k Egyes\u00fclete\",\"description\":\"Talajmeg\u00faj\u00edt\u00f3 Gazd\u00e1k Egyes\u00fclete\",\"publisher\":{\"@id\":\"https:\/\/tmg.hu\/#organization\"},\"potentialAction\":[{\"@type\":\"SearchAction\",\"target\":{\"@type\":\"EntryPoint\",\"urlTemplate\":\"https:\/\/tmg.hu\/?s={search_term_string}\"},\"query-input\":{\"@type\":\"PropertyValueSpecification\",\"valueRequired\":true,\"valueName\":\"search_term_string\"}}],\"inLanguage\":\"sk-SK\"},{\"@type\":\"Organization\",\"@id\":\"https:\/\/tmg.hu\/#organization\",\"name\":\"Talajmeg\u00faj\u00edt\u00f3 Gazd\u00e1k Egyes\u00fclete\",\"url\":\"https:\/\/tmg.hu\/\",\"logo\":{\"@type\":\"ImageObject\",\"inLanguage\":\"sk-SK\",\"@id\":\"https:\/\/tmg.hu\/#\/schema\/logo\/image\/\",\"url\":\"https:\/\/reag-staging.tmg.hu\/wp-content\/uploads\/2024\/10\/tmg_og_logo.png\",\"contentUrl\":\"https:\/\/reag-staging.tmg.hu\/wp-content\/uploads\/2024\/10\/tmg_og_logo.png\",\"width\":1200,\"height\":630,\"caption\":\"Talajmeg\u00faj\u00edt\u00f3 Gazd\u00e1k Egyes\u00fclete\"},\"image\":{\"@id\":\"https:\/\/tmg.hu\/#\/schema\/logo\/image\/\"},\"sameAs\":[\"https:\/\/www.facebook.com\/tmg.egyesulet\/\",\"https:\/\/www.instagram.com\/reag-staging.tmg.hu\/\",\"https:\/\/www.youtube.com\/@tmg_egyesulet\"]}]}<\/script>\n<!-- \/ Yoast SEO plugin. -->","yoast_head_json":{"title":"Adatkezel\u00e9si T\u00e1j\u00e9koztat\u00f3 - Talajmeg\u00faj\u00edt\u00f3 Gazd\u00e1k Egyes\u00fclete","robots":{"index":"index","follow":"follow","max-snippet":"max-snippet:-1","max-image-preview":"max-image-preview:large","max-video-preview":"max-video-preview:-1"},"canonical":"https:\/\/tmg.hu\/adatkezelesi-tajekoztato\/","og_locale":"sk_SK","og_type":"article","og_title":"Adatkezel\u00e9si T\u00e1j\u00e9koztat\u00f3 - Talajmeg\u00faj\u00edt\u00f3 Gazd\u00e1k Egyes\u00fclete","og_description":"Adatkezel\u00e9si T\u00e1j\u00e9koztat\u00f3","og_url":"https:\/\/tmg.hu\/adatkezelesi-tajekoztato\/","og_site_name":"Talajmeg\u00faj\u00edt\u00f3 Gazd\u00e1k Egyes\u00fclete","article_publisher":"https:\/\/www.facebook.com\/tmg.egyesulet\/","article_modified_time":"2025-03-31T21:23:08+00:00","og_image":[{"width":1200,"height":630,"url":"https:\/\/reag-staging.tmg.hu\/wp-content\/uploads\/2024\/10\/tmg_og_logo.png","type":"image\/png"}],"twitter_card":"summary_large_image","twitter_misc":{"Predpokladan\u00fd \u010das \u010d\u00edtania":"36 min\u00fat"},"schema":{"@context":"https:\/\/schema.org","@graph":[{"@type":"WebPage","@id":"https:\/\/tmg.hu\/adatkezelesi-tajekoztato\/","url":"https:\/\/tmg.hu\/adatkezelesi-tajekoztato\/","name":"Adatkezel\u00e9si T\u00e1j\u00e9koztat\u00f3 - Talajmeg\u00faj\u00edt\u00f3 Gazd\u00e1k Egyes\u00fclete","isPartOf":{"@id":"https:\/\/tmg.hu\/#website"},"datePublished":"2019-06-23T12:45:30+00:00","dateModified":"2025-03-31T21:23:08+00:00","breadcrumb":{"@id":"https:\/\/tmg.hu\/adatkezelesi-tajekoztato\/#breadcrumb"},"inLanguage":"sk-SK","potentialAction":[{"@type":"ReadAction","target":["https:\/\/tmg.hu\/adatkezelesi-tajekoztato\/"]}]},{"@type":"BreadcrumbList","@id":"https:\/\/tmg.hu\/adatkezelesi-tajekoztato\/#breadcrumb","itemListElement":[{"@type":"ListItem","position":1,"name":"Home","item":"https:\/\/reag-staging.tmg.hu\/"},{"@type":"ListItem","position":2,"name":"Adatkezel\u00e9si T\u00e1j\u00e9koztat\u00f3"}]},{"@type":"WebSite","@id":"https:\/\/tmg.hu\/#website","url":"https:\/\/tmg.hu\/","name":"TMG - Talajmeg\u00faj\u00edt\u00f3 Gazd\u00e1k Egyes\u00fclete","description":"Talajmeg\u00faj\u00edt\u00f3 Gazd\u00e1k Egyes\u00fclete","publisher":{"@id":"https:\/\/tmg.hu\/#organization"},"potentialAction":[{"@type":"SearchAction","target":{"@type":"EntryPoint","urlTemplate":"https:\/\/tmg.hu\/?s={search_term_string}"},"query-input":{"@type":"PropertyValueSpecification","valueRequired":true,"valueName":"search_term_string"}}],"inLanguage":"sk-SK"},{"@type":"Organization","@id":"https:\/\/tmg.hu\/#organization","name":"Talajmeg\u00faj\u00edt\u00f3 Gazd\u00e1k Egyes\u00fclete","url":"https:\/\/tmg.hu\/","logo":{"@type":"ImageObject","inLanguage":"sk-SK","@id":"https:\/\/tmg.hu\/#\/schema\/logo\/image\/","url":"https:\/\/reag-staging.tmg.hu\/wp-content\/uploads\/2024\/10\/tmg_og_logo.png","contentUrl":"https:\/\/reag-staging.tmg.hu\/wp-content\/uploads\/2024\/10\/tmg_og_logo.png","width":1200,"height":630,"caption":"Talajmeg\u00faj\u00edt\u00f3 Gazd\u00e1k Egyes\u00fclete"},"image":{"@id":"https:\/\/tmg.hu\/#\/schema\/logo\/image\/"},"sameAs":["https:\/\/www.facebook.com\/tmg.egyesulet\/","https:\/\/www.instagram.com\/reag-staging.tmg.hu\/","https:\/\/www.youtube.com\/@tmg_egyesulet"]}]}},"_links":{"self":[{"href":"https:\/\/reag-staging.tmg.hu\/sk\/wp-json\/wp\/v2\/pages\/3","targetHints":{"allow":["GET"]}}],"collection":[{"href":"https:\/\/reag-staging.tmg.hu\/sk\/wp-json\/wp\/v2\/pages"}],"about":[{"href":"https:\/\/reag-staging.tmg.hu\/sk\/wp-json\/wp\/v2\/types\/page"}],"author":[{"embeddable":true,"href":"https:\/\/reag-staging.tmg.hu\/sk\/wp-json\/wp\/v2\/users\/1"}],"replies":[{"embeddable":true,"href":"https:\/\/reag-staging.tmg.hu\/sk\/wp-json\/wp\/v2\/comments?post=3"}],"version-history":[{"count":0,"href":"https:\/\/reag-staging.tmg.hu\/sk\/wp-json\/wp\/v2\/pages\/3\/revisions"}],"wp:attachment":[{"href":"https:\/\/reag-staging.tmg.hu\/sk\/wp-json\/wp\/v2\/media?parent=3"}],"curies":[{"name":"wp","href":"https:\/\/api.w.org\/{rel}","templated":true}]}}