{"id":10176,"date":"2025-04-05T03:37:58","date_gmt":"2025-04-05T01:37:58","guid":{"rendered":"https:\/\/reag.devlocal\/?page_id=10176"},"modified":"2025-04-05T04:02:38","modified_gmt":"2025-04-05T02:02:38","slug":"gyik","status":"publish","type":"page","link":"https:\/\/reag-staging.tmg.hu\/sk\/jasterica\/","title":{"rendered":"\u010cASTO KLADEN\u00c9 OT\u00c1ZKY"},"content":{"rendered":"<div data-elementor-type=\"wp-page\" data-elementor-id=\"10176\" class=\"elementor elementor-10176\" data-elementor-post-type=\"page\">\n\t\t\t\t\t\t<section class=\"elementor-section elementor-top-section elementor-element elementor-element-afd88c0 elementor-section-boxed elementor-section-height-default elementor-section-height-default\" data-id=\"afd88c0\" data-element_type=\"section\">\n\t\t\t\t\t\t<div class=\"elementor-container elementor-column-gap-default\">\n\t\t\t\t\t<div class=\"elementor-column elementor-col-100 elementor-top-column elementor-element elementor-element-058ed3b\" data-id=\"058ed3b\" data-element_type=\"column\">\n\t\t\t<div class=\"elementor-widget-wrap\">\n\t\t\t\t\t\t\t<\/div>\n\t\t<\/div>\n\t\t\t\t\t<\/div>\n\t\t<\/section>\n\t\t\t\t<section class=\"elementor-section elementor-top-section elementor-element elementor-element-96084be elementor-section-boxed elementor-section-height-default elementor-section-height-default\" data-id=\"96084be\" data-element_type=\"section\">\n\t\t\t\t\t\t<div class=\"elementor-container elementor-column-gap-default\">\n\t\t\t\t\t<div class=\"elementor-column elementor-col-100 elementor-top-column elementor-element elementor-element-ef4a3a8\" data-id=\"ef4a3a8\" data-element_type=\"column\">\n\t\t\t<div class=\"elementor-widget-wrap elementor-element-populated\">\n\t\t\t\t\t\t<section class=\"elementor-section elementor-inner-section elementor-element elementor-element-80bb53f elementor-section-boxed elementor-section-height-default elementor-section-height-default\" data-id=\"80bb53f\" data-element_type=\"section\">\n\t\t\t\t\t\t<div class=\"elementor-container elementor-column-gap-default\">\n\t\t\t\t\t<div class=\"elementor-column elementor-col-100 elementor-inner-column elementor-element elementor-element-79472a2\" data-id=\"79472a2\" data-element_type=\"column\">\n\t\t\t<div class=\"elementor-widget-wrap elementor-element-populated\">\n\t\t\t\t\t\t<div class=\"elementor-element elementor-element-5d19454 elementor-widget elementor-widget-html\" data-id=\"5d19454\" data-element_type=\"widget\" data-widget_type=\"html.default\">\n\t\t\t\t<div class=\"elementor-widget-container\">\n\t\t\t\t\t<div class=\"faq-container\">\n\n    <div class=\"row\">\n        <div class=\"col\">\n\n            <div class=\"text-center mb-5\">\n                <h2>GY.I.K.<\/h2>\n            <\/div>\n\n        <\/div>\n    <\/div>\n\n    <div class=\"row\">\n\n        <div class=\"col-12 col-lg-8\">\n\n            <div class=\"accordion\" id=\"faqAccordion\">\n\n\t\t\t\t\n                    <div class=\"accordion-item my-2\">\n\n                        <h2 class=\"accordion-header\">\n\n                            <button class=\"accordion-button collapsed fw-bold fs-6\"\n                                    type=\"button\"\n                                    data-bs-toggle=\"collapse\"\n                                    data-bs-target=\"#faq-collapse-9170\"\n                                    aria-expanded=\"false\"\n                                    aria-controls=\"faq-collapse-9170\"\n                            >\n\t\t\t\t\t\t\t\t\u010co je TMG REAG?                            <\/button>\n\n                        <\/h2>\n\n                        <div id=\"faq-collapse-9170\"\n                             class=\"accordion-collapse collapse\"\n                             data-bs-parent=\"#faqAccordion\"\n                        >\n\n                            <div class=\"accordion-body pt-4 fs-6\">\n\t\t\t\t\t\t\t\t<!-- wp:paragraph -->\n<p>TMG je skratka pre Soil Restoration Farmers (po\u013enohospod\u00e1ri zaoberaj\u00faci sa obnovou p\u00f4dy), pod\u013ea n\u00e1zvu zdru\u017eenia, ktor\u00e9 toto podujatie organizuje. REAG je skratka pre \"regenerat\u00edvne po\u013enohospod\u00e1rstvo\".<\/p>\n<!-- \/wp:paragraph -->                            <\/div>\n\n                        <\/div>\n\n                    <\/div>\n\n\t\t\t\t\n                    <div class=\"accordion-item my-2\">\n\n                        <h2 class=\"accordion-header\">\n\n                            <button class=\"accordion-button collapsed fw-bold fs-6\"\n                                    type=\"button\"\n                                    data-bs-toggle=\"collapse\"\n                                    data-bs-target=\"#faq-collapse-9171\"\n                                    aria-expanded=\"false\"\n                                    aria-controls=\"faq-collapse-9171\"\n                            >\n\t\t\t\t\t\t\t\tVe\u013ea som o tom \u010d\u00edtal, ale nie som si ist\u00fd, \u010di m\u00e1m v\u00f4bec za\u010da\u0165 s regenera\u010dn\u00fdm pestovan\u00edm. Oplat\u00ed sa z\u00fa\u010dastni\u0165 na podujat\u00ed?                            <\/button>\n\n                        <\/h2>\n\n                        <div id=\"faq-collapse-9171\"\n                             class=\"accordion-collapse collapse\"\n                             data-bs-parent=\"#faqAccordion\"\n                        >\n\n                            <div class=\"accordion-body pt-4 fs-6\">\n\t\t\t\t\t\t\t\t<!-- wp:paragraph -->\n<p>Ak m\u00e1te pocit, \u017ee sa na\u0161e po\u013enohospod\u00e1rske a pr\u00edrodn\u00e9 prostredie negat\u00edvne men\u00ed a \u017ee to m\u00e1 negat\u00edvny vplyv na va\u0161e po\u013enohospod\u00e1rstvo, m\u00f4\u017eeme v\u00e1m uk\u00e1za\u0165 schodn\u00fa cestu. Pr\u00e1ve to budeme sk\u00fama\u0165 na konferencii. Ak ste otvoren\u00ed zmene a zmena je to, \u010do h\u013ead\u00e1te, toto je ur\u010dite miesto pre v\u00e1s!<\/p>\n<!-- \/wp:paragraph -->                            <\/div>\n\n                        <\/div>\n\n                    <\/div>\n\n\t\t\t\t\n                    <div class=\"accordion-item my-2\">\n\n                        <h2 class=\"accordion-header\">\n\n                            <button class=\"accordion-button collapsed fw-bold fs-6\"\n                                    type=\"button\"\n                                    data-bs-toggle=\"collapse\"\n                                    data-bs-target=\"#faq-collapse-9173\"\n                                    aria-expanded=\"false\"\n                                    aria-controls=\"faq-collapse-9173\"\n                            >\n\t\t\t\t\t\t\t\tChcem by\u0165 vystavovate\u013eom. M\u00f4\u017eem sa e\u0161te prihl\u00e1si\u0165?                            <\/button>\n\n                        <\/h2>\n\n                        <div id=\"faq-collapse-9173\"\n                             class=\"accordion-collapse collapse\"\n                             data-bs-parent=\"#faqAccordion\"\n                        >\n\n                            <div class=\"accordion-body pt-4 fs-6\">\n\t\t\t\t\t\t\t\t<!-- wp:paragraph -->\n<p>K\u00e9r\u00fcnk, vedd fel koll\u00e9gan\u0151nkkel a kapcsolatot a <a href=\"mailto:rendezveny@reag-staging.tmg.hu\">rendezveny@reag-staging.tmg.hu<\/a> e-mailom!<\/p>\n<!-- \/wp:paragraph -->                            <\/div>\n\n                        <\/div>\n\n                    <\/div>\n\n\t\t\t\t\n                    <div class=\"accordion-item my-2\">\n\n                        <h2 class=\"accordion-header\">\n\n                            <button class=\"accordion-button collapsed fw-bold fs-6\"\n                                    type=\"button\"\n                                    data-bs-toggle=\"collapse\"\n                                    data-bs-target=\"#faq-collapse-9172\"\n                                    aria-expanded=\"false\"\n                                    aria-controls=\"faq-collapse-9172\"\n                            >\n\t\t\t\t\t\t\t\t\u010co sa stane po stla\u010den\u00ed tla\u010didla pou\u017ei\u0165?                            <\/button>\n\n                        <\/h2>\n\n                        <div id=\"faq-collapse-9172\"\n                             class=\"accordion-collapse collapse\"\n                             data-bs-parent=\"#faqAccordion\"\n                        >\n\n                            <div class=\"accordion-body pt-4 fs-6\">\n\t\t\t\t\t\t\t\t<!-- wp:paragraph -->\n<p>A \u2019JEGYV\u00c1S\u00c1RL\u00c1S\u2019 gomb megnyom\u00e1s\u00e1val a rendszer \u00e1tir\u00e1ny\u00edt a TMG Egyes\u00fclet webshop fel\u00fclet\u00e9re, ahol k\u00e9nyelmesen, online lehet megv\u00e1s\u00e1rolni a bel\u00e9p\u0151jegyet.<\/p>\n<!-- \/wp:paragraph -->\n\n<!-- wp:paragraph -->\n<p>D\u00f4le\u017eit\u00e9! Registr\u00e1ciu nie je mo\u017en\u00e9 zru\u0161i\u0165 a zaplaten\u00fa sumu nie je mo\u017en\u00e9 vr\u00e1ti\u0165!<\/p>\n<!-- \/wp:paragraph -->                            <\/div>\n\n                        <\/div>\n\n                    <\/div>\n\n\t\t\t\t\n                    <div class=\"accordion-item my-2\">\n\n                        <h2 class=\"accordion-header\">\n\n                            <button class=\"accordion-button collapsed fw-bold fs-6\"\n                                    type=\"button\"\n                                    data-bs-toggle=\"collapse\"\n                                    data-bs-target=\"#faq-collapse-9263\"\n                                    aria-expanded=\"false\"\n                                    aria-controls=\"faq-collapse-9263\"\n                            >\n\t\t\t\t\t\t\t\tM\u00f4\u017eem si da\u0165 obed na mieste?                            <\/button>\n\n                        <\/h2>\n\n                        <div id=\"faq-collapse-9263\"\n                             class=\"accordion-collapse collapse\"\n                             data-bs-parent=\"#faqAccordion\"\n                        >\n\n                            <div class=\"accordion-body pt-4 fs-6\">\n\t\t\t\t\t\t\t\t<!-- wp:paragraph -->\n<p>V re\u0161taur\u00e1cii Aero na mieste si hostia m\u00f4\u017eu priamo na mieste zak\u00fapi\u0165 obed zo \u0161peci\u00e1lneho menu REAG, ktor\u00e9 je ur\u010den\u00e9 \u0161peci\u00e1lne pre \u00fa\u010dastn\u00edkov konferencie. Jedlo sa plat\u00ed na mieste v re\u0161taur\u00e1cii. Viac inform\u00e1ci\u00ed v\u00e1m poskytne person\u00e1l re\u0161taur\u00e1cie na adrese\u00a0<a href=\"mailto:info@aerohotel.hu\" target=\"_blank\" rel=\"noreferrer noopener\">info@aerohotel.hu<\/a>\u00a0e-mailom.<br><\/p>\n<!-- \/wp:paragraph -->                            <\/div>\n\n                        <\/div>\n\n                    <\/div>\n\n\t\t\t\t\n                    <div class=\"accordion-item my-2\">\n\n                        <h2 class=\"accordion-header\">\n\n                            <button class=\"accordion-button collapsed fw-bold fs-6\"\n                                    type=\"button\"\n                                    data-bs-toggle=\"collapse\"\n                                    data-bs-target=\"#faq-collapse-9176\"\n                                    aria-expanded=\"false\"\n                                    aria-controls=\"faq-collapse-9176\"\n                            >\n\t\t\t\t\t\t\t\t\u010co sa stane v pr\u00edpade da\u017e\u010fa a sne\u017eenia?                            <\/button>\n\n                        <\/h2>\n\n                        <div id=\"faq-collapse-9176\"\n                             class=\"accordion-collapse collapse\"\n                             data-bs-parent=\"#faqAccordion\"\n                        >\n\n                            <div class=\"accordion-body pt-4 fs-6\">\n\t\t\t\t\t\t\t\t<!-- wp:paragraph -->\n<p>Prezent\u00e1cie a programy sa bud\u00fa kona\u0165 vo vyhrievanom vn\u00fatornom priestore, v\u00fdstavn\u00fd priestor pre stroje bude \u010diasto\u010dne v stane (vyhrievan\u00fd) a \u010diasto\u010dne vonku. Pr\u00edstup na miesto je po asfaltovej ceste. D\u00fafame, \u017ee nepriazniv\u00e9 poveternostn\u00e9 podmienky nebud\u00fa ma\u0165 vplyv na podujatie.<\/p>\n<!-- \/wp:paragraph -->                            <\/div>\n\n                        <\/div>\n\n                    <\/div>\n\n\t\t\t\t\n                    <div class=\"accordion-item my-2\">\n\n                        <h2 class=\"accordion-header\">\n\n                            <button class=\"accordion-button collapsed fw-bold fs-6\"\n                                    type=\"button\"\n                                    data-bs-toggle=\"collapse\"\n                                    data-bs-target=\"#faq-collapse-9177\"\n                                    aria-expanded=\"false\"\n                                    aria-controls=\"faq-collapse-9177\"\n                            >\n\t\t\t\t\t\t\t\tPre\u010do po zak\u00fapen\u00ed letenky nedostanem potvrdzuj\u00faci e-mail?                            <\/button>\n\n                        <\/h2>\n\n                        <div id=\"faq-collapse-9177\"\n                             class=\"accordion-collapse collapse\"\n                             data-bs-parent=\"#faqAccordion\"\n                        >\n\n                            <div class=\"accordion-body pt-4 fs-6\">\n\t\t\t\t\t\t\t\t<!-- wp:paragraph -->\n<p>Je mo\u017en\u00e9, \u017ee ste nespr\u00e1vne uviedli svoju e-mailov\u00fa adresu alebo \u017ee v\u00e1\u0161 po\u0161tov\u00fd syst\u00e9m pova\u017euje e-mail za nevy\u017eiadan\u00fa po\u0161tu. Najsk\u00f4r si skontrolujte prie\u010dinok nevy\u017eiadanej po\u0161ty a propaga\u010dn\u00fdch akci\u00ed. Ak tam svoj l\u00edstok nen\u00e1jdete, kontaktujte n\u00e1\u0161 t\u00edm na adrese\u00a0<a href=\"mailto:rendezveny@reag-staging.tmg.hu\">rendezveny@reag-staging.tmg.hu<\/a>\u00a0e-mailom.<\/p>\n<!-- \/wp:paragraph -->                            <\/div>\n\n                        <\/div>\n\n                    <\/div>\n\n\t\t\t\t\n                    <div class=\"accordion-item my-2\">\n\n                        <h2 class=\"accordion-header\">\n\n                            <button class=\"accordion-button collapsed fw-bold fs-6\"\n                                    type=\"button\"\n                                    data-bs-toggle=\"collapse\"\n                                    data-bs-target=\"#faq-collapse-9178\"\n                                    aria-expanded=\"false\"\n                                    aria-controls=\"faq-collapse-9178\"\n                            >\n\t\t\t\t\t\t\t\tM\u00f4\u017eem si so sebou vzia\u0165 psa? Mal\u00e1 ve\u013ekos\u0165.                            <\/button>\n\n                        <\/h2>\n\n                        <div id=\"faq-collapse-9178\"\n                             class=\"accordion-collapse collapse\"\n                             data-bs-parent=\"#faqAccordion\"\n                        >\n\n                            <div class=\"accordion-body pt-4 fs-6\">\n\t\t\t\t\t\t\t\t<!-- wp:paragraph -->\n<p>Na podujat\u00ed nie s\u00fa povolen\u00e9 psy ani in\u00e9 zvierat\u00e1!<\/p>\n<!-- \/wp:paragraph -->                            <\/div>\n\n                        <\/div>\n\n                    <\/div>\n\n\t\t\t\t\n            <\/div>\n\n        <\/div>\n\n        <div class=\"col-12 col-lg-4\">\n\n            <div class=\"d-flex flex-column align-items-center text-center\">\n\n                <div>\n                    <span class=\"font-size-huge text-light-green fw-bold\">?<\/span>\n                <\/div>\n\n                <div class=\"mb-4\">\n                    <span class=\"fs-2 fw-bold\">M\u00e1te nejak\u00e9 \u010fal\u0161ie ot\u00e1zky?<\/span>\n                <\/div>\n\n                <div class=\"mb-5\">\n\n                    <span class=\"fw-light fs-6\">\n                        Ak ste nena\u0161li odpove\u010f, ktor\u00fa h\u013ead\u00e1te, kontaktujte n\u00e1s kliknut\u00edm na tla\u010didlo ni\u017e\u0161ie a jeden z na\u0161ich kolegov v\u00e1m r\u00e1d odpovie na va\u0161u ot\u00e1zku!\n                    <\/span>\n\n                <\/div>\n\n                <div class=\"\">\n                    <a href=\"https:\/\/tmg.hu\/kapcsolat\"\n                       target=\"_blank\"\n                       class=\"btn btn-secondary rounded-0 text-white fw-bold text-uppercase px-5\">Kontakt<\/a>\n                <\/div>\n\n            <\/div>\n\n        <\/div>\n\n    <\/div>\n\n<\/div>\t\t\t\t<\/div>\n\t\t\t\t<\/div>\n\t\t\t\t\t<\/div>\n\t\t<\/div>\n\t\t\t\t\t<\/div>\n\t\t<\/section>\n\t\t\t\t\t<\/div>\n\t\t<\/div>\n\t\t\t\t\t<\/div>\n\t\t<\/section>\n\t\t\t\t<\/div>","protected":false},"excerpt":{"rendered":"","protected":false},"author":141,"featured_media":0,"parent":0,"menu_order":0,"comment_status":"closed","ping_status":"closed","template":"elementor_header_footer","meta":{"footnotes":""},"class_list":["post-10176","page","type-page","status-publish","hentry"],"yoast_head":"<!-- This site is optimized with the Yoast SEO plugin v24.8.1 - https:\/\/yoast.com\/wordpress\/plugins\/seo\/ -->\n<title>GYIK - Talajmeg\u00faj\u00edt\u00f3 Gazd\u00e1k Egyes\u00fclete<\/title>\n<meta name=\"robots\" content=\"index, follow, max-snippet:-1, max-image-preview:large, max-video-preview:-1\" \/>\n<link rel=\"canonical\" href=\"https:\/\/reag.devlocal\/gyik\/\" \/>\n<meta property=\"og:locale\" content=\"sk_SK\" \/>\n<meta property=\"og:type\" content=\"article\" \/>\n<meta property=\"og:title\" content=\"GYIK - Talajmeg\u00faj\u00edt\u00f3 Gazd\u00e1k Egyes\u00fclete\" \/>\n<meta property=\"og:url\" content=\"https:\/\/reag.devlocal\/gyik\/\" \/>\n<meta property=\"og:site_name\" content=\"Talajmeg\u00faj\u00edt\u00f3 Gazd\u00e1k Egyes\u00fclete\" \/>\n<meta property=\"article:publisher\" content=\"https:\/\/www.facebook.com\/tmg.egyesulet\/\" \/>\n<meta property=\"article:modified_time\" content=\"2025-04-05T02:02:38+00:00\" \/>\n<meta property=\"og:image\" content=\"https:\/\/reag-staging.tmg.hu\/wp-content\/uploads\/2024\/10\/tmg_og_logo.png\" \/>\n\t<meta property=\"og:image:width\" content=\"1200\" \/>\n\t<meta property=\"og:image:height\" content=\"630\" \/>\n\t<meta property=\"og:image:type\" content=\"image\/png\" \/>\n<meta name=\"twitter:card\" content=\"summary_large_image\" \/>\n<meta name=\"twitter:label1\" content=\"Predpokladan\u00fd \u010das \u010d\u00edtania\" \/>\n\t<meta name=\"twitter:data1\" content=\"1 min\u00fata\" \/>\n<script type=\"application\/ld+json\" class=\"yoast-schema-graph\">{\"@context\":\"https:\/\/schema.org\",\"@graph\":[{\"@type\":\"WebPage\",\"@id\":\"https:\/\/reag.devlocal\/gyik\/\",\"url\":\"https:\/\/reag.devlocal\/gyik\/\",\"name\":\"GYIK - Talajmeg\u00faj\u00edt\u00f3 Gazd\u00e1k Egyes\u00fclete\",\"isPartOf\":{\"@id\":\"https:\/\/tmg.hu\/#website\"},\"datePublished\":\"2025-04-05T01:37:58+00:00\",\"dateModified\":\"2025-04-05T02:02:38+00:00\",\"breadcrumb\":{\"@id\":\"https:\/\/reag.devlocal\/gyik\/#breadcrumb\"},\"inLanguage\":\"sk-SK\",\"potentialAction\":[{\"@type\":\"ReadAction\",\"target\":[\"https:\/\/reag.devlocal\/gyik\/\"]}]},{\"@type\":\"BreadcrumbList\",\"@id\":\"https:\/\/reag.devlocal\/gyik\/#breadcrumb\",\"itemListElement\":[{\"@type\":\"ListItem\",\"position\":1,\"name\":\"Home\",\"item\":\"https:\/\/reag-staging.tmg.hu\/\"},{\"@type\":\"ListItem\",\"position\":2,\"name\":\"GYIK\"}]},{\"@type\":\"WebSite\",\"@id\":\"https:\/\/tmg.hu\/#website\",\"url\":\"https:\/\/tmg.hu\/\",\"name\":\"TMG - Talajmeg\u00faj\u00edt\u00f3 Gazd\u00e1k Egyes\u00fclete\",\"description\":\"Talajmeg\u00faj\u00edt\u00f3 Gazd\u00e1k Egyes\u00fclete\",\"publisher\":{\"@id\":\"https:\/\/tmg.hu\/#organization\"},\"potentialAction\":[{\"@type\":\"SearchAction\",\"target\":{\"@type\":\"EntryPoint\",\"urlTemplate\":\"https:\/\/tmg.hu\/?s={search_term_string}\"},\"query-input\":{\"@type\":\"PropertyValueSpecification\",\"valueRequired\":true,\"valueName\":\"search_term_string\"}}],\"inLanguage\":\"sk-SK\"},{\"@type\":\"Organization\",\"@id\":\"https:\/\/tmg.hu\/#organization\",\"name\":\"Talajmeg\u00faj\u00edt\u00f3 Gazd\u00e1k Egyes\u00fclete\",\"url\":\"https:\/\/tmg.hu\/\",\"logo\":{\"@type\":\"ImageObject\",\"inLanguage\":\"sk-SK\",\"@id\":\"https:\/\/tmg.hu\/#\/schema\/logo\/image\/\",\"url\":\"https:\/\/reag-staging.tmg.hu\/wp-content\/uploads\/2024\/10\/tmg_og_logo.png\",\"contentUrl\":\"https:\/\/reag-staging.tmg.hu\/wp-content\/uploads\/2024\/10\/tmg_og_logo.png\",\"width\":1200,\"height\":630,\"caption\":\"Talajmeg\u00faj\u00edt\u00f3 Gazd\u00e1k Egyes\u00fclete\"},\"image\":{\"@id\":\"https:\/\/tmg.hu\/#\/schema\/logo\/image\/\"},\"sameAs\":[\"https:\/\/www.facebook.com\/tmg.egyesulet\/\",\"https:\/\/www.instagram.com\/reag-staging.tmg.hu\/\",\"https:\/\/www.youtube.com\/@tmg_egyesulet\"]}]}<\/script>\n<!-- \/ Yoast SEO plugin. -->","yoast_head_json":{"title":"GYIK - Talajmeg\u00faj\u00edt\u00f3 Gazd\u00e1k Egyes\u00fclete","robots":{"index":"index","follow":"follow","max-snippet":"max-snippet:-1","max-image-preview":"max-image-preview:large","max-video-preview":"max-video-preview:-1"},"canonical":"https:\/\/reag.devlocal\/gyik\/","og_locale":"sk_SK","og_type":"article","og_title":"GYIK - Talajmeg\u00faj\u00edt\u00f3 Gazd\u00e1k Egyes\u00fclete","og_url":"https:\/\/reag.devlocal\/gyik\/","og_site_name":"Talajmeg\u00faj\u00edt\u00f3 Gazd\u00e1k Egyes\u00fclete","article_publisher":"https:\/\/www.facebook.com\/tmg.egyesulet\/","article_modified_time":"2025-04-05T02:02:38+00:00","og_image":[{"width":1200,"height":630,"url":"https:\/\/reag-staging.tmg.hu\/wp-content\/uploads\/2024\/10\/tmg_og_logo.png","type":"image\/png"}],"twitter_card":"summary_large_image","twitter_misc":{"Predpokladan\u00fd \u010das \u010d\u00edtania":"1 min\u00fata"},"schema":{"@context":"https:\/\/schema.org","@graph":[{"@type":"WebPage","@id":"https:\/\/reag.devlocal\/gyik\/","url":"https:\/\/reag.devlocal\/gyik\/","name":"GYIK - Talajmeg\u00faj\u00edt\u00f3 Gazd\u00e1k Egyes\u00fclete","isPartOf":{"@id":"https:\/\/tmg.hu\/#website"},"datePublished":"2025-04-05T01:37:58+00:00","dateModified":"2025-04-05T02:02:38+00:00","breadcrumb":{"@id":"https:\/\/reag.devlocal\/gyik\/#breadcrumb"},"inLanguage":"sk-SK","potentialAction":[{"@type":"ReadAction","target":["https:\/\/reag.devlocal\/gyik\/"]}]},{"@type":"BreadcrumbList","@id":"https:\/\/reag.devlocal\/gyik\/#breadcrumb","itemListElement":[{"@type":"ListItem","position":1,"name":"Home","item":"https:\/\/reag-staging.tmg.hu\/"},{"@type":"ListItem","position":2,"name":"GYIK"}]},{"@type":"WebSite","@id":"https:\/\/tmg.hu\/#website","url":"https:\/\/tmg.hu\/","name":"TMG - Talajmeg\u00faj\u00edt\u00f3 Gazd\u00e1k Egyes\u00fclete","description":"Talajmeg\u00faj\u00edt\u00f3 Gazd\u00e1k Egyes\u00fclete","publisher":{"@id":"https:\/\/tmg.hu\/#organization"},"potentialAction":[{"@type":"SearchAction","target":{"@type":"EntryPoint","urlTemplate":"https:\/\/tmg.hu\/?s={search_term_string}"},"query-input":{"@type":"PropertyValueSpecification","valueRequired":true,"valueName":"search_term_string"}}],"inLanguage":"sk-SK"},{"@type":"Organization","@id":"https:\/\/tmg.hu\/#organization","name":"Talajmeg\u00faj\u00edt\u00f3 Gazd\u00e1k Egyes\u00fclete","url":"https:\/\/tmg.hu\/","logo":{"@type":"ImageObject","inLanguage":"sk-SK","@id":"https:\/\/tmg.hu\/#\/schema\/logo\/image\/","url":"https:\/\/reag-staging.tmg.hu\/wp-content\/uploads\/2024\/10\/tmg_og_logo.png","contentUrl":"https:\/\/reag-staging.tmg.hu\/wp-content\/uploads\/2024\/10\/tmg_og_logo.png","width":1200,"height":630,"caption":"Talajmeg\u00faj\u00edt\u00f3 Gazd\u00e1k Egyes\u00fclete"},"image":{"@id":"https:\/\/tmg.hu\/#\/schema\/logo\/image\/"},"sameAs":["https:\/\/www.facebook.com\/tmg.egyesulet\/","https:\/\/www.instagram.com\/reag-staging.tmg.hu\/","https:\/\/www.youtube.com\/@tmg_egyesulet"]}]}},"_links":{"self":[{"href":"https:\/\/reag-staging.tmg.hu\/sk\/wp-json\/wp\/v2\/pages\/10176","targetHints":{"allow":["GET"]}}],"collection":[{"href":"https:\/\/reag-staging.tmg.hu\/sk\/wp-json\/wp\/v2\/pages"}],"about":[{"href":"https:\/\/reag-staging.tmg.hu\/sk\/wp-json\/wp\/v2\/types\/page"}],"author":[{"embeddable":true,"href":"https:\/\/reag-staging.tmg.hu\/sk\/wp-json\/wp\/v2\/users\/141"}],"replies":[{"embeddable":true,"href":"https:\/\/reag-staging.tmg.hu\/sk\/wp-json\/wp\/v2\/comments?post=10176"}],"version-history":[{"count":10,"href":"https:\/\/reag-staging.tmg.hu\/sk\/wp-json\/wp\/v2\/pages\/10176\/revisions"}],"predecessor-version":[{"id":10210,"href":"https:\/\/reag-staging.tmg.hu\/sk\/wp-json\/wp\/v2\/pages\/10176\/revisions\/10210"}],"wp:attachment":[{"href":"https:\/\/reag-staging.tmg.hu\/sk\/wp-json\/wp\/v2\/media?parent=10176"}],"curies":[{"name":"wp","href":"https:\/\/api.w.org\/{rel}","templated":true}]}}