{"id":10176,"date":"2025-04-05T03:37:58","date_gmt":"2025-04-05T01:37:58","guid":{"rendered":"https:\/\/reag.devlocal\/?page_id=10176"},"modified":"2025-04-05T04:02:38","modified_gmt":"2025-04-05T02:02:38","slug":"gyik","status":"publish","type":"page","link":"https:\/\/reag-staging.tmg.hu\/pl\/jaszczurka\/","title":{"rendered":"FAQ"},"content":{"rendered":"<div data-elementor-type=\"wp-page\" data-elementor-id=\"10176\" class=\"elementor elementor-10176\" data-elementor-post-type=\"page\">\n\t\t\t\t\t\t<section class=\"elementor-section elementor-top-section elementor-element elementor-element-afd88c0 elementor-section-boxed elementor-section-height-default elementor-section-height-default\" data-id=\"afd88c0\" data-element_type=\"section\">\n\t\t\t\t\t\t<div class=\"elementor-container elementor-column-gap-default\">\n\t\t\t\t\t<div class=\"elementor-column elementor-col-100 elementor-top-column elementor-element elementor-element-058ed3b\" data-id=\"058ed3b\" data-element_type=\"column\">\n\t\t\t<div class=\"elementor-widget-wrap\">\n\t\t\t\t\t\t\t<\/div>\n\t\t<\/div>\n\t\t\t\t\t<\/div>\n\t\t<\/section>\n\t\t\t\t<section class=\"elementor-section elementor-top-section elementor-element elementor-element-96084be elementor-section-boxed elementor-section-height-default elementor-section-height-default\" data-id=\"96084be\" data-element_type=\"section\">\n\t\t\t\t\t\t<div class=\"elementor-container elementor-column-gap-default\">\n\t\t\t\t\t<div class=\"elementor-column elementor-col-100 elementor-top-column elementor-element elementor-element-ef4a3a8\" data-id=\"ef4a3a8\" data-element_type=\"column\">\n\t\t\t<div class=\"elementor-widget-wrap elementor-element-populated\">\n\t\t\t\t\t\t<section class=\"elementor-section elementor-inner-section elementor-element elementor-element-80bb53f elementor-section-boxed elementor-section-height-default elementor-section-height-default\" data-id=\"80bb53f\" data-element_type=\"section\">\n\t\t\t\t\t\t<div class=\"elementor-container elementor-column-gap-default\">\n\t\t\t\t\t<div class=\"elementor-column elementor-col-100 elementor-inner-column elementor-element elementor-element-79472a2\" data-id=\"79472a2\" data-element_type=\"column\">\n\t\t\t<div class=\"elementor-widget-wrap elementor-element-populated\">\n\t\t\t\t\t\t<div class=\"elementor-element elementor-element-5d19454 elementor-widget elementor-widget-html\" data-id=\"5d19454\" data-element_type=\"widget\" data-widget_type=\"html.default\">\n\t\t\t\t<div class=\"elementor-widget-container\">\n\t\t\t\t\t<div class=\"faq-container\">\n\n    <div class=\"row\">\n        <div class=\"col\">\n\n            <div class=\"text-center mb-5\">\n                <h2>GY.I.K.<\/h2>\n            <\/div>\n\n        <\/div>\n    <\/div>\n\n    <div class=\"row\">\n\n        <div class=\"col-12 col-lg-8\">\n\n            <div class=\"accordion\" id=\"faqAccordion\">\n\n\t\t\t\t\n                    <div class=\"accordion-item my-2\">\n\n                        <h2 class=\"accordion-header\">\n\n                            <button class=\"accordion-button collapsed fw-bold fs-6\"\n                                    type=\"button\"\n                                    data-bs-toggle=\"collapse\"\n                                    data-bs-target=\"#faq-collapse-9170\"\n                                    aria-expanded=\"false\"\n                                    aria-controls=\"faq-collapse-9170\"\n                            >\n\t\t\t\t\t\t\t\tCzym jest TMG REAG?                            <\/button>\n\n                        <\/h2>\n\n                        <div id=\"faq-collapse-9170\"\n                             class=\"accordion-collapse collapse\"\n                             data-bs-parent=\"#faqAccordion\"\n                        >\n\n                            <div class=\"accordion-body pt-4 fs-6\">\n\t\t\t\t\t\t\t\t<!-- wp:paragraph -->\n<p>TMG to skr\u00f3t od Soil Restoration Farmers, od nazwy stowarzyszenia organizuj\u0105cego wydarzenie. REAG oznacza \"rolnictwo regeneracyjne\".<\/p>\n<!-- \/wp:paragraph -->                            <\/div>\n\n                        <\/div>\n\n                    <\/div>\n\n\t\t\t\t\n                    <div class=\"accordion-item my-2\">\n\n                        <h2 class=\"accordion-header\">\n\n                            <button class=\"accordion-button collapsed fw-bold fs-6\"\n                                    type=\"button\"\n                                    data-bs-toggle=\"collapse\"\n                                    data-bs-target=\"#faq-collapse-9171\"\n                                    aria-expanded=\"false\"\n                                    aria-controls=\"faq-collapse-9171\"\n                            >\n\t\t\t\t\t\t\t\tDu\u017co o tym czyta\u0142em, ale nie jestem pewien, czy w og\u00f3le powinienem zacz\u0105\u0107 upraw\u0119 regeneracyjn\u0105. Czy warto wzi\u0105\u0107 udzia\u0142 w tym wydarzeniu?                            <\/button>\n\n                        <\/h2>\n\n                        <div id=\"faq-collapse-9171\"\n                             class=\"accordion-collapse collapse\"\n                             data-bs-parent=\"#faqAccordion\"\n                        >\n\n                            <div class=\"accordion-body pt-4 fs-6\">\n\t\t\t\t\t\t\t\t<!-- wp:paragraph -->\n<p>Je\u015bli uwa\u017casz, \u017ce nasze rolnictwo i \u015brodowisko naturalne zmienia si\u0119 negatywnie i \u017ce ma to negatywny wp\u0142yw na twoje rolnictwo, mo\u017cemy pokaza\u0107 ci wykonalne wyj\u015bcie. To jest dok\u0142adnie to, co b\u0119dziemy bada\u0107 na konferencji. Je\u015bli jeste\u015b otwarty na zmiany i zmiany s\u0105 tym, czego szukasz, to jest to zdecydowanie miejsce dla Ciebie!<\/p>\n<!-- \/wp:paragraph -->                            <\/div>\n\n                        <\/div>\n\n                    <\/div>\n\n\t\t\t\t\n                    <div class=\"accordion-item my-2\">\n\n                        <h2 class=\"accordion-header\">\n\n                            <button class=\"accordion-button collapsed fw-bold fs-6\"\n                                    type=\"button\"\n                                    data-bs-toggle=\"collapse\"\n                                    data-bs-target=\"#faq-collapse-9173\"\n                                    aria-expanded=\"false\"\n                                    aria-controls=\"faq-collapse-9173\"\n                            >\n\t\t\t\t\t\t\t\tChc\u0119 by\u0107 wystawc\u0105. Czy nadal mog\u0119 si\u0119 zg\u0142osi\u0107?                            <\/button>\n\n                        <\/h2>\n\n                        <div id=\"faq-collapse-9173\"\n                             class=\"accordion-collapse collapse\"\n                             data-bs-parent=\"#faqAccordion\"\n                        >\n\n                            <div class=\"accordion-body pt-4 fs-6\">\n\t\t\t\t\t\t\t\t<!-- wp:paragraph -->\n<p>Prosimy o kontakt z naszym koleg\u0105 pod adresem <a href=\"mailto:rendezveny@reag-staging.tmg.hu\">rendezveny@reag-staging.tmg.hu<\/a> przez e-mail!<\/p>\n<!-- \/wp:paragraph -->                            <\/div>\n\n                        <\/div>\n\n                    <\/div>\n\n\t\t\t\t\n                    <div class=\"accordion-item my-2\">\n\n                        <h2 class=\"accordion-header\">\n\n                            <button class=\"accordion-button collapsed fw-bold fs-6\"\n                                    type=\"button\"\n                                    data-bs-toggle=\"collapse\"\n                                    data-bs-target=\"#faq-collapse-9172\"\n                                    aria-expanded=\"false\"\n                                    aria-controls=\"faq-collapse-9172\"\n                            >\n\t\t\t\t\t\t\t\tCo si\u0119 stanie po naci\u015bni\u0119ciu przycisku aplikacji?                            <\/button>\n\n                        <\/h2>\n\n                        <div id=\"faq-collapse-9172\"\n                             class=\"accordion-collapse collapse\"\n                             data-bs-parent=\"#faqAccordion\"\n                        >\n\n                            <div class=\"accordion-body pt-4 fs-6\">\n\t\t\t\t\t\t\t\t<!-- wp:paragraph -->\n<p>Klikaj\u0105c przycisk \"ZAKUP\", system przekieruje Ci\u0119 do sklepu internetowego Stowarzyszenia TMG, gdzie mo\u017cesz wygodnie kupi\u0107 bilet online.<\/p>\n<!-- \/wp:paragraph -->\n\n<!-- wp:paragraph -->\n<p>Wa\u017cne! Rejestracja nie mo\u017ce zosta\u0107 anulowana, a wp\u0142acona kwota nie mo\u017ce zosta\u0107 zwr\u00f3cona!<\/p>\n<!-- \/wp:paragraph -->                            <\/div>\n\n                        <\/div>\n\n                    <\/div>\n\n\t\t\t\t\n                    <div class=\"accordion-item my-2\">\n\n                        <h2 class=\"accordion-header\">\n\n                            <button class=\"accordion-button collapsed fw-bold fs-6\"\n                                    type=\"button\"\n                                    data-bs-toggle=\"collapse\"\n                                    data-bs-target=\"#faq-collapse-9263\"\n                                    aria-expanded=\"false\"\n                                    aria-controls=\"faq-collapse-9263\"\n                            >\n\t\t\t\t\t\t\t\tCzy mog\u0119 zje\u015b\u0107 lunch na miejscu?                            <\/button>\n\n                        <\/h2>\n\n                        <div id=\"faq-collapse-9263\"\n                             class=\"accordion-collapse collapse\"\n                             data-bs-parent=\"#faqAccordion\"\n                        >\n\n                            <div class=\"accordion-body pt-4 fs-6\">\n\t\t\t\t\t\t\t\t<!-- wp:paragraph -->\n<p>W znajduj\u0105cej si\u0119 na miejscu restauracji Aero Go\u015bcie mog\u0105 na miejscu wykupi\u0107 lunch ze specjalnego menu REAG, przygotowanego specjalnie z my\u015bl\u0105 o uczestnikach konferencji. Posi\u0142ek jest p\u0142atny na miejscu w restauracji. Aby uzyska\u0107 wi\u0119cej informacji, prosimy o kontakt z personelem restauracji pod adresem\u00a0<a href=\"mailto:info@aerohotel.hu\" target=\"_blank\" rel=\"noreferrer noopener\">info@aerohotel.hu<\/a>\u00a0poczt\u0105 elektroniczn\u0105.<br><\/p>\n<!-- \/wp:paragraph -->                            <\/div>\n\n                        <\/div>\n\n                    <\/div>\n\n\t\t\t\t\n                    <div class=\"accordion-item my-2\">\n\n                        <h2 class=\"accordion-header\">\n\n                            <button class=\"accordion-button collapsed fw-bold fs-6\"\n                                    type=\"button\"\n                                    data-bs-toggle=\"collapse\"\n                                    data-bs-target=\"#faq-collapse-9176\"\n                                    aria-expanded=\"false\"\n                                    aria-controls=\"faq-collapse-9176\"\n                            >\n\t\t\t\t\t\t\t\tCo si\u0119 dzieje w przypadku opad\u00f3w deszczu i \u015bniegu?                            <\/button>\n\n                        <\/h2>\n\n                        <div id=\"faq-collapse-9176\"\n                             class=\"accordion-collapse collapse\"\n                             data-bs-parent=\"#faqAccordion\"\n                        >\n\n                            <div class=\"accordion-body pt-4 fs-6\">\n\t\t\t\t\t\t\t\t<!-- wp:paragraph -->\n<p>Prezentacje i programy odb\u0119d\u0105 si\u0119 w ogrzewanej przestrzeni wewn\u0119trznej, przestrze\u0144 wystawowa maszyn b\u0119dzie cz\u0119\u015bciowo w namiocie (ogrzewanym), a cz\u0119\u015bciowo na zewn\u0105trz. Dojazd do miejsca imprezy odbywa si\u0119 drog\u0105 asfaltow\u0105. Mamy nadziej\u0119, \u017ce niekorzystne warunki pogodowe nie b\u0119d\u0105 mia\u0142y wp\u0142ywu na wydarzenie.<\/p>\n<!-- \/wp:paragraph -->                            <\/div>\n\n                        <\/div>\n\n                    <\/div>\n\n\t\t\t\t\n                    <div class=\"accordion-item my-2\">\n\n                        <h2 class=\"accordion-header\">\n\n                            <button class=\"accordion-button collapsed fw-bold fs-6\"\n                                    type=\"button\"\n                                    data-bs-toggle=\"collapse\"\n                                    data-bs-target=\"#faq-collapse-9177\"\n                                    aria-expanded=\"false\"\n                                    aria-controls=\"faq-collapse-9177\"\n                            >\n\t\t\t\t\t\t\t\tDlaczego po zakupie biletu nie otrzymuj\u0119 wiadomo\u015bci e-mail z potwierdzeniem?                            <\/button>\n\n                        <\/h2>\n\n                        <div id=\"faq-collapse-9177\"\n                             class=\"accordion-collapse collapse\"\n                             data-bs-parent=\"#faqAccordion\"\n                        >\n\n                            <div class=\"accordion-body pt-4 fs-6\">\n\t\t\t\t\t\t\t\t<!-- wp:paragraph -->\n<p>Adres e-mail m\u00f3g\u0142 zosta\u0107 b\u0142\u0119dnie wpisany lub system pocztowy mo\u017ce uzna\u0107 wiadomo\u015b\u0107 za spam. Upewnij si\u0119, \u017ce najpierw sprawdzi\u0142e\u015b folder Spam i Promocje. Je\u015bli nie znajdziesz tam swojego biletu, skontaktuj si\u0119 z naszym zespo\u0142em pod adresem\u00a0<a href=\"mailto:rendezveny@reag-staging.tmg.hu\">rendezveny@reag-staging.tmg.hu<\/a>\u00a0poczt\u0105 elektroniczn\u0105.<\/p>\n<!-- \/wp:paragraph -->                            <\/div>\n\n                        <\/div>\n\n                    <\/div>\n\n\t\t\t\t\n                    <div class=\"accordion-item my-2\">\n\n                        <h2 class=\"accordion-header\">\n\n                            <button class=\"accordion-button collapsed fw-bold fs-6\"\n                                    type=\"button\"\n                                    data-bs-toggle=\"collapse\"\n                                    data-bs-target=\"#faq-collapse-9178\"\n                                    aria-expanded=\"false\"\n                                    aria-controls=\"faq-collapse-9178\"\n                            >\n\t\t\t\t\t\t\t\tCzy mog\u0119 zabra\u0107 psa? Ma\u0142y rozmiar.                            <\/button>\n\n                        <\/h2>\n\n                        <div id=\"faq-collapse-9178\"\n                             class=\"accordion-collapse collapse\"\n                             data-bs-parent=\"#faqAccordion\"\n                        >\n\n                            <div class=\"accordion-body pt-4 fs-6\">\n\t\t\t\t\t\t\t\t<!-- wp:paragraph -->\n<p>W wydarzeniu nie mog\u0105 bra\u0107 udzia\u0142u psy ani inne zwierz\u0119ta!<\/p>\n<!-- \/wp:paragraph -->                            <\/div>\n\n                        <\/div>\n\n                    <\/div>\n\n\t\t\t\t\n            <\/div>\n\n        <\/div>\n\n        <div class=\"col-12 col-lg-4\">\n\n            <div class=\"d-flex flex-column align-items-center text-center\">\n\n                <div>\n                    <span class=\"font-size-huge text-light-green fw-bold\">?<\/span>\n                <\/div>\n\n                <div class=\"mb-4\">\n                    <span class=\"fs-2 fw-bold\">Czy masz jeszcze jakie\u015b pytania?<\/span>\n                <\/div>\n\n                <div class=\"mb-5\">\n\n                    <span class=\"fw-light fs-6\">\n                        Je\u015bli nie mo\u017cesz znale\u017a\u0107 odpowiedzi, kt\u00f3rej szukasz, skontaktuj si\u0119 z nami, klikaj\u0105c poni\u017cszy przycisk, a jeden z naszych koleg\u00f3w z przyjemno\u015bci\u0105 odpowie na Twoje pytanie!\n                    <\/span>\n\n                <\/div>\n\n                <div class=\"\">\n                    <a href=\"https:\/\/tmg.hu\/kapcsolat\"\n                       target=\"_blank\"\n                       class=\"btn btn-secondary rounded-0 text-white fw-bold text-uppercase px-5\">Kontakt<\/a>\n                <\/div>\n\n            <\/div>\n\n        <\/div>\n\n    <\/div>\n\n<\/div>\t\t\t\t<\/div>\n\t\t\t\t<\/div>\n\t\t\t\t\t<\/div>\n\t\t<\/div>\n\t\t\t\t\t<\/div>\n\t\t<\/section>\n\t\t\t\t\t<\/div>\n\t\t<\/div>\n\t\t\t\t\t<\/div>\n\t\t<\/section>\n\t\t\t\t<\/div>","protected":false},"excerpt":{"rendered":"","protected":false},"author":141,"featured_media":0,"parent":0,"menu_order":0,"comment_status":"closed","ping_status":"closed","template":"elementor_header_footer","meta":{"footnotes":""},"class_list":["post-10176","page","type-page","status-publish","hentry"],"yoast_head":"<!-- This site is optimized with the Yoast SEO plugin v24.8.1 - https:\/\/yoast.com\/wordpress\/plugins\/seo\/ -->\n<title>GYIK - Talajmeg\u00faj\u00edt\u00f3 Gazd\u00e1k Egyes\u00fclete<\/title>\n<meta name=\"robots\" content=\"index, follow, max-snippet:-1, max-image-preview:large, max-video-preview:-1\" \/>\n<link rel=\"canonical\" href=\"https:\/\/reag.devlocal\/gyik\/\" \/>\n<meta property=\"og:locale\" content=\"pl_PL\" \/>\n<meta property=\"og:type\" content=\"article\" \/>\n<meta property=\"og:title\" content=\"GYIK - Talajmeg\u00faj\u00edt\u00f3 Gazd\u00e1k Egyes\u00fclete\" \/>\n<meta property=\"og:url\" content=\"https:\/\/reag.devlocal\/gyik\/\" \/>\n<meta property=\"og:site_name\" content=\"Talajmeg\u00faj\u00edt\u00f3 Gazd\u00e1k Egyes\u00fclete\" \/>\n<meta property=\"article:publisher\" content=\"https:\/\/www.facebook.com\/tmg.egyesulet\/\" \/>\n<meta property=\"article:modified_time\" content=\"2025-04-05T02:02:38+00:00\" \/>\n<meta property=\"og:image\" content=\"https:\/\/reag-staging.tmg.hu\/wp-content\/uploads\/2024\/10\/tmg_og_logo.png\" \/>\n\t<meta property=\"og:image:width\" content=\"1200\" \/>\n\t<meta property=\"og:image:height\" content=\"630\" \/>\n\t<meta property=\"og:image:type\" content=\"image\/png\" \/>\n<meta name=\"twitter:card\" content=\"summary_large_image\" \/>\n<meta name=\"twitter:label1\" content=\"Szacowany czas czytania\" \/>\n\t<meta name=\"twitter:data1\" content=\"1 minuta\" \/>\n<script type=\"application\/ld+json\" class=\"yoast-schema-graph\">{\"@context\":\"https:\/\/schema.org\",\"@graph\":[{\"@type\":\"WebPage\",\"@id\":\"https:\/\/reag.devlocal\/gyik\/\",\"url\":\"https:\/\/reag.devlocal\/gyik\/\",\"name\":\"GYIK - Talajmeg\u00faj\u00edt\u00f3 Gazd\u00e1k Egyes\u00fclete\",\"isPartOf\":{\"@id\":\"https:\/\/tmg.hu\/#website\"},\"datePublished\":\"2025-04-05T01:37:58+00:00\",\"dateModified\":\"2025-04-05T02:02:38+00:00\",\"breadcrumb\":{\"@id\":\"https:\/\/reag.devlocal\/gyik\/#breadcrumb\"},\"inLanguage\":\"pl-PL\",\"potentialAction\":[{\"@type\":\"ReadAction\",\"target\":[\"https:\/\/reag.devlocal\/gyik\/\"]}]},{\"@type\":\"BreadcrumbList\",\"@id\":\"https:\/\/reag.devlocal\/gyik\/#breadcrumb\",\"itemListElement\":[{\"@type\":\"ListItem\",\"position\":1,\"name\":\"Home\",\"item\":\"https:\/\/reag-staging.tmg.hu\/\"},{\"@type\":\"ListItem\",\"position\":2,\"name\":\"GYIK\"}]},{\"@type\":\"WebSite\",\"@id\":\"https:\/\/tmg.hu\/#website\",\"url\":\"https:\/\/tmg.hu\/\",\"name\":\"TMG - Talajmeg\u00faj\u00edt\u00f3 Gazd\u00e1k Egyes\u00fclete\",\"description\":\"Talajmeg\u00faj\u00edt\u00f3 Gazd\u00e1k Egyes\u00fclete\",\"publisher\":{\"@id\":\"https:\/\/tmg.hu\/#organization\"},\"potentialAction\":[{\"@type\":\"SearchAction\",\"target\":{\"@type\":\"EntryPoint\",\"urlTemplate\":\"https:\/\/tmg.hu\/?s={search_term_string}\"},\"query-input\":{\"@type\":\"PropertyValueSpecification\",\"valueRequired\":true,\"valueName\":\"search_term_string\"}}],\"inLanguage\":\"pl-PL\"},{\"@type\":\"Organization\",\"@id\":\"https:\/\/tmg.hu\/#organization\",\"name\":\"Talajmeg\u00faj\u00edt\u00f3 Gazd\u00e1k Egyes\u00fclete\",\"url\":\"https:\/\/tmg.hu\/\",\"logo\":{\"@type\":\"ImageObject\",\"inLanguage\":\"pl-PL\",\"@id\":\"https:\/\/tmg.hu\/#\/schema\/logo\/image\/\",\"url\":\"https:\/\/reag-staging.tmg.hu\/wp-content\/uploads\/2024\/10\/tmg_og_logo.png\",\"contentUrl\":\"https:\/\/reag-staging.tmg.hu\/wp-content\/uploads\/2024\/10\/tmg_og_logo.png\",\"width\":1200,\"height\":630,\"caption\":\"Talajmeg\u00faj\u00edt\u00f3 Gazd\u00e1k Egyes\u00fclete\"},\"image\":{\"@id\":\"https:\/\/tmg.hu\/#\/schema\/logo\/image\/\"},\"sameAs\":[\"https:\/\/www.facebook.com\/tmg.egyesulet\/\",\"https:\/\/www.instagram.com\/reag-staging.tmg.hu\/\",\"https:\/\/www.youtube.com\/@tmg_egyesulet\"]}]}<\/script>\n<!-- \/ Yoast SEO plugin. -->","yoast_head_json":{"title":"GYIK - Talajmeg\u00faj\u00edt\u00f3 Gazd\u00e1k Egyes\u00fclete","robots":{"index":"index","follow":"follow","max-snippet":"max-snippet:-1","max-image-preview":"max-image-preview:large","max-video-preview":"max-video-preview:-1"},"canonical":"https:\/\/reag.devlocal\/gyik\/","og_locale":"pl_PL","og_type":"article","og_title":"GYIK - Talajmeg\u00faj\u00edt\u00f3 Gazd\u00e1k Egyes\u00fclete","og_url":"https:\/\/reag.devlocal\/gyik\/","og_site_name":"Talajmeg\u00faj\u00edt\u00f3 Gazd\u00e1k Egyes\u00fclete","article_publisher":"https:\/\/www.facebook.com\/tmg.egyesulet\/","article_modified_time":"2025-04-05T02:02:38+00:00","og_image":[{"width":1200,"height":630,"url":"https:\/\/reag-staging.tmg.hu\/wp-content\/uploads\/2024\/10\/tmg_og_logo.png","type":"image\/png"}],"twitter_card":"summary_large_image","twitter_misc":{"Szacowany czas czytania":"1 minuta"},"schema":{"@context":"https:\/\/schema.org","@graph":[{"@type":"WebPage","@id":"https:\/\/reag.devlocal\/gyik\/","url":"https:\/\/reag.devlocal\/gyik\/","name":"GYIK - Talajmeg\u00faj\u00edt\u00f3 Gazd\u00e1k Egyes\u00fclete","isPartOf":{"@id":"https:\/\/tmg.hu\/#website"},"datePublished":"2025-04-05T01:37:58+00:00","dateModified":"2025-04-05T02:02:38+00:00","breadcrumb":{"@id":"https:\/\/reag.devlocal\/gyik\/#breadcrumb"},"inLanguage":"pl-PL","potentialAction":[{"@type":"ReadAction","target":["https:\/\/reag.devlocal\/gyik\/"]}]},{"@type":"BreadcrumbList","@id":"https:\/\/reag.devlocal\/gyik\/#breadcrumb","itemListElement":[{"@type":"ListItem","position":1,"name":"Home","item":"https:\/\/reag-staging.tmg.hu\/"},{"@type":"ListItem","position":2,"name":"GYIK"}]},{"@type":"WebSite","@id":"https:\/\/tmg.hu\/#website","url":"https:\/\/tmg.hu\/","name":"TMG - Talajmeg\u00faj\u00edt\u00f3 Gazd\u00e1k Egyes\u00fclete","description":"Talajmeg\u00faj\u00edt\u00f3 Gazd\u00e1k Egyes\u00fclete","publisher":{"@id":"https:\/\/tmg.hu\/#organization"},"potentialAction":[{"@type":"SearchAction","target":{"@type":"EntryPoint","urlTemplate":"https:\/\/tmg.hu\/?s={search_term_string}"},"query-input":{"@type":"PropertyValueSpecification","valueRequired":true,"valueName":"search_term_string"}}],"inLanguage":"pl-PL"},{"@type":"Organization","@id":"https:\/\/tmg.hu\/#organization","name":"Talajmeg\u00faj\u00edt\u00f3 Gazd\u00e1k Egyes\u00fclete","url":"https:\/\/tmg.hu\/","logo":{"@type":"ImageObject","inLanguage":"pl-PL","@id":"https:\/\/tmg.hu\/#\/schema\/logo\/image\/","url":"https:\/\/reag-staging.tmg.hu\/wp-content\/uploads\/2024\/10\/tmg_og_logo.png","contentUrl":"https:\/\/reag-staging.tmg.hu\/wp-content\/uploads\/2024\/10\/tmg_og_logo.png","width":1200,"height":630,"caption":"Talajmeg\u00faj\u00edt\u00f3 Gazd\u00e1k Egyes\u00fclete"},"image":{"@id":"https:\/\/tmg.hu\/#\/schema\/logo\/image\/"},"sameAs":["https:\/\/www.facebook.com\/tmg.egyesulet\/","https:\/\/www.instagram.com\/reag-staging.tmg.hu\/","https:\/\/www.youtube.com\/@tmg_egyesulet"]}]}},"_links":{"self":[{"href":"https:\/\/reag-staging.tmg.hu\/pl\/wp-json\/wp\/v2\/pages\/10176","targetHints":{"allow":["GET"]}}],"collection":[{"href":"https:\/\/reag-staging.tmg.hu\/pl\/wp-json\/wp\/v2\/pages"}],"about":[{"href":"https:\/\/reag-staging.tmg.hu\/pl\/wp-json\/wp\/v2\/types\/page"}],"author":[{"embeddable":true,"href":"https:\/\/reag-staging.tmg.hu\/pl\/wp-json\/wp\/v2\/users\/141"}],"replies":[{"embeddable":true,"href":"https:\/\/reag-staging.tmg.hu\/pl\/wp-json\/wp\/v2\/comments?post=10176"}],"version-history":[{"count":10,"href":"https:\/\/reag-staging.tmg.hu\/pl\/wp-json\/wp\/v2\/pages\/10176\/revisions"}],"predecessor-version":[{"id":10210,"href":"https:\/\/reag-staging.tmg.hu\/pl\/wp-json\/wp\/v2\/pages\/10176\/revisions\/10210"}],"wp:attachment":[{"href":"https:\/\/reag-staging.tmg.hu\/pl\/wp-json\/wp\/v2\/media?parent=10176"}],"curies":[{"name":"wp","href":"https:\/\/api.w.org\/{rel}","templated":true}]}}