{"id":10176,"date":"2025-04-05T03:37:58","date_gmt":"2025-04-05T01:37:58","guid":{"rendered":"https:\/\/reag.devlocal\/?page_id=10176"},"modified":"2025-04-05T04:02:38","modified_gmt":"2025-04-05T02:02:38","slug":"gyik","status":"publish","type":"page","link":"https:\/\/reag-staging.tmg.hu\/de\/eidechse\/","title":{"rendered":"FAQ"},"content":{"rendered":"<div data-elementor-type=\"wp-page\" data-elementor-id=\"10176\" class=\"elementor elementor-10176\" data-elementor-post-type=\"page\">\n\t\t\t\t\t\t<section class=\"elementor-section elementor-top-section elementor-element elementor-element-afd88c0 elementor-section-boxed elementor-section-height-default elementor-section-height-default\" data-id=\"afd88c0\" data-element_type=\"section\">\n\t\t\t\t\t\t<div class=\"elementor-container elementor-column-gap-default\">\n\t\t\t\t\t<div class=\"elementor-column elementor-col-100 elementor-top-column elementor-element elementor-element-058ed3b\" data-id=\"058ed3b\" data-element_type=\"column\">\n\t\t\t<div class=\"elementor-widget-wrap\">\n\t\t\t\t\t\t\t<\/div>\n\t\t<\/div>\n\t\t\t\t\t<\/div>\n\t\t<\/section>\n\t\t\t\t<section class=\"elementor-section elementor-top-section elementor-element elementor-element-96084be elementor-section-boxed elementor-section-height-default elementor-section-height-default\" data-id=\"96084be\" data-element_type=\"section\">\n\t\t\t\t\t\t<div class=\"elementor-container elementor-column-gap-default\">\n\t\t\t\t\t<div class=\"elementor-column elementor-col-100 elementor-top-column elementor-element elementor-element-ef4a3a8\" data-id=\"ef4a3a8\" data-element_type=\"column\">\n\t\t\t<div class=\"elementor-widget-wrap elementor-element-populated\">\n\t\t\t\t\t\t<section class=\"elementor-section elementor-inner-section elementor-element elementor-element-80bb53f elementor-section-boxed elementor-section-height-default elementor-section-height-default\" data-id=\"80bb53f\" data-element_type=\"section\">\n\t\t\t\t\t\t<div class=\"elementor-container elementor-column-gap-default\">\n\t\t\t\t\t<div class=\"elementor-column elementor-col-100 elementor-inner-column elementor-element elementor-element-79472a2\" data-id=\"79472a2\" data-element_type=\"column\">\n\t\t\t<div class=\"elementor-widget-wrap elementor-element-populated\">\n\t\t\t\t\t\t<div class=\"elementor-element elementor-element-5d19454 elementor-widget elementor-widget-html\" data-id=\"5d19454\" data-element_type=\"widget\" data-widget_type=\"html.default\">\n\t\t\t\t<div class=\"elementor-widget-container\">\n\t\t\t\t\t<div class=\"faq-container\">\n\n    <div class=\"row\">\n        <div class=\"col\">\n\n            <div class=\"text-center mb-5\">\n                <h2>GY.I.K.<\/h2>\n            <\/div>\n\n        <\/div>\n    <\/div>\n\n    <div class=\"row\">\n\n        <div class=\"col-12 col-lg-8\">\n\n            <div class=\"accordion\" id=\"faqAccordion\">\n\n\t\t\t\t\n                    <div class=\"accordion-item my-2\">\n\n                        <h2 class=\"accordion-header\">\n\n                            <button class=\"accordion-button collapsed fw-bold fs-6\"\n                                    type=\"button\"\n                                    data-bs-toggle=\"collapse\"\n                                    data-bs-target=\"#faq-collapse-9170\"\n                                    aria-expanded=\"false\"\n                                    aria-controls=\"faq-collapse-9170\"\n                            >\n\t\t\t\t\t\t\t\tWas ist TMG REAG?                            <\/button>\n\n                        <\/h2>\n\n                        <div id=\"faq-collapse-9170\"\n                             class=\"accordion-collapse collapse\"\n                             data-bs-parent=\"#faqAccordion\"\n                        >\n\n                            <div class=\"accordion-body pt-4 fs-6\">\n\t\t\t\t\t\t\t\t<!-- wp:paragraph -->\n<p>TMG ist die Abk\u00fcrzung f\u00fcr Soil Restoration Farmers, dem Namen des Vereins, der die Veranstaltung organisiert. REAG steht f\u00fcr \"Regenerative Landwirtschaft\".<\/p>\n<!-- \/wp:paragraph -->                            <\/div>\n\n                        <\/div>\n\n                    <\/div>\n\n\t\t\t\t\n                    <div class=\"accordion-item my-2\">\n\n                        <h2 class=\"accordion-header\">\n\n                            <button class=\"accordion-button collapsed fw-bold fs-6\"\n                                    type=\"button\"\n                                    data-bs-toggle=\"collapse\"\n                                    data-bs-target=\"#faq-collapse-9171\"\n                                    aria-expanded=\"false\"\n                                    aria-controls=\"faq-collapse-9171\"\n                            >\n\t\t\t\t\t\t\t\tIch habe viel dar\u00fcber gelesen, aber ich bin mir nicht sicher, ob ich \u00fcberhaupt mit dem regenerativen Anbau beginnen soll. Lohnt es sich, an der Veranstaltung teilzunehmen?                            <\/button>\n\n                        <\/h2>\n\n                        <div id=\"faq-collapse-9171\"\n                             class=\"accordion-collapse collapse\"\n                             data-bs-parent=\"#faqAccordion\"\n                        >\n\n                            <div class=\"accordion-body pt-4 fs-6\">\n\t\t\t\t\t\t\t\t<!-- wp:paragraph -->\n<p>Wenn Sie das Gef\u00fchl haben, dass sich unsere Landwirtschaft und die nat\u00fcrliche Umwelt negativ ver\u00e4ndern und dass sich dies negativ auf Ihre Landwirtschaft auswirkt, k\u00f6nnen wir Ihnen einen gangbaren Ausweg zeigen. Genau das werden wir auf der Konferenz erkunden. Wenn Sie offen f\u00fcr Ver\u00e4nderungen sind und nach Ver\u00e4nderungen suchen, sind Sie hier genau richtig!<\/p>\n<!-- \/wp:paragraph -->                            <\/div>\n\n                        <\/div>\n\n                    <\/div>\n\n\t\t\t\t\n                    <div class=\"accordion-item my-2\">\n\n                        <h2 class=\"accordion-header\">\n\n                            <button class=\"accordion-button collapsed fw-bold fs-6\"\n                                    type=\"button\"\n                                    data-bs-toggle=\"collapse\"\n                                    data-bs-target=\"#faq-collapse-9173\"\n                                    aria-expanded=\"false\"\n                                    aria-controls=\"faq-collapse-9173\"\n                            >\n\t\t\t\t\t\t\t\tIch m\u00f6chte ein Aussteller sein. Kann ich mich noch bewerben?                            <\/button>\n\n                        <\/h2>\n\n                        <div id=\"faq-collapse-9173\"\n                             class=\"accordion-collapse collapse\"\n                             data-bs-parent=\"#faqAccordion\"\n                        >\n\n                            <div class=\"accordion-body pt-4 fs-6\">\n\t\t\t\t\t\t\t\t<!-- wp:paragraph -->\n<p>Bitte wenden Sie sich an unsere Kollegin unter <a href=\"mailto:rendezveny@reag-staging.tmg.hu\">rendezveny@reag-staging.tmg.hu<\/a> per E-Mail!<\/p>\n<!-- \/wp:paragraph -->                            <\/div>\n\n                        <\/div>\n\n                    <\/div>\n\n\t\t\t\t\n                    <div class=\"accordion-item my-2\">\n\n                        <h2 class=\"accordion-header\">\n\n                            <button class=\"accordion-button collapsed fw-bold fs-6\"\n                                    type=\"button\"\n                                    data-bs-toggle=\"collapse\"\n                                    data-bs-target=\"#faq-collapse-9172\"\n                                    aria-expanded=\"false\"\n                                    aria-controls=\"faq-collapse-9172\"\n                            >\n\t\t\t\t\t\t\t\tWas passiert, nachdem ich die Schaltfl\u00e4che \"Anwenden\" gedr\u00fcckt habe?                            <\/button>\n\n                        <\/h2>\n\n                        <div id=\"faq-collapse-9172\"\n                             class=\"accordion-collapse collapse\"\n                             data-bs-parent=\"#faqAccordion\"\n                        >\n\n                            <div class=\"accordion-body pt-4 fs-6\">\n\t\t\t\t\t\t\t\t<!-- wp:paragraph -->\n<p>Wenn Sie auf die Schaltfl\u00e4che \"KAUFEN\" klicken, leitet das System Sie zum Webshop der TMG-Vereinigung weiter, wo Sie Ihr Ticket bequem online kaufen k\u00f6nnen.<\/p>\n<!-- \/wp:paragraph -->\n\n<!-- wp:paragraph -->\n<p>Wichtig! Die Anmeldung kann nicht storniert und der gezahlte Betrag nicht zur\u00fcckerstattet werden!<\/p>\n<!-- \/wp:paragraph -->                            <\/div>\n\n                        <\/div>\n\n                    <\/div>\n\n\t\t\t\t\n                    <div class=\"accordion-item my-2\">\n\n                        <h2 class=\"accordion-header\">\n\n                            <button class=\"accordion-button collapsed fw-bold fs-6\"\n                                    type=\"button\"\n                                    data-bs-toggle=\"collapse\"\n                                    data-bs-target=\"#faq-collapse-9263\"\n                                    aria-expanded=\"false\"\n                                    aria-controls=\"faq-collapse-9263\"\n                            >\n\t\t\t\t\t\t\t\tKann ich an Ort und Stelle zu Mittag essen?                            <\/button>\n\n                        <\/h2>\n\n                        <div id=\"faq-collapse-9263\"\n                             class=\"accordion-collapse collapse\"\n                             data-bs-parent=\"#faqAccordion\"\n                        >\n\n                            <div class=\"accordion-body pt-4 fs-6\">\n\t\t\t\t\t\t\t\t<!-- wp:paragraph -->\n<p>Im Aero-Restaurant k\u00f6nnen die G\u00e4ste vor Ort ein Mittagessen aus dem speziellen REAG-Men\u00fc kaufen, das speziell f\u00fcr Konferenzteilnehmer zusammengestellt wurde. Das Essen ist vor Ort im Restaurant zu bezahlen. F\u00fcr weitere Informationen wenden Sie sich bitte an die Mitarbeiter des Restaurants unter\u00a0<a href=\"mailto:info@aerohotel.hu\" target=\"_blank\" rel=\"noreferrer noopener\">info@aerohotel.hu<\/a>\u00a0per E-Mail.<br><\/p>\n<!-- \/wp:paragraph -->                            <\/div>\n\n                        <\/div>\n\n                    <\/div>\n\n\t\t\t\t\n                    <div class=\"accordion-item my-2\">\n\n                        <h2 class=\"accordion-header\">\n\n                            <button class=\"accordion-button collapsed fw-bold fs-6\"\n                                    type=\"button\"\n                                    data-bs-toggle=\"collapse\"\n                                    data-bs-target=\"#faq-collapse-9176\"\n                                    aria-expanded=\"false\"\n                                    aria-controls=\"faq-collapse-9176\"\n                            >\n\t\t\t\t\t\t\t\tWas passiert bei Regen und Schnee?                            <\/button>\n\n                        <\/h2>\n\n                        <div id=\"faq-collapse-9176\"\n                             class=\"accordion-collapse collapse\"\n                             data-bs-parent=\"#faqAccordion\"\n                        >\n\n                            <div class=\"accordion-body pt-4 fs-6\">\n\t\t\t\t\t\t\t\t<!-- wp:paragraph -->\n<p>Die Pr\u00e4sentationen und Programme werden in einem beheizten Innenraum stattfinden, die Maschinenausstellung wird teilweise in einem Zelt (beheizt) und teilweise im Freien stattfinden. Die Zufahrt zum Gel\u00e4nde erfolgt \u00fcber eine asphaltierte Stra\u00dfe. Es wird gehofft, dass ung\u00fcnstige Wetterbedingungen die Veranstaltung nicht beeintr\u00e4chtigen werden.<\/p>\n<!-- \/wp:paragraph -->                            <\/div>\n\n                        <\/div>\n\n                    <\/div>\n\n\t\t\t\t\n                    <div class=\"accordion-item my-2\">\n\n                        <h2 class=\"accordion-header\">\n\n                            <button class=\"accordion-button collapsed fw-bold fs-6\"\n                                    type=\"button\"\n                                    data-bs-toggle=\"collapse\"\n                                    data-bs-target=\"#faq-collapse-9177\"\n                                    aria-expanded=\"false\"\n                                    aria-controls=\"faq-collapse-9177\"\n                            >\n\t\t\t\t\t\t\t\tWarum erhalte ich keine Best\u00e4tigungs-E-Mail, nachdem ich ein Ticket gekauft habe?                            <\/button>\n\n                        <\/h2>\n\n                        <div id=\"faq-collapse-9177\"\n                             class=\"accordion-collapse collapse\"\n                             data-bs-parent=\"#faqAccordion\"\n                        >\n\n                            <div class=\"accordion-body pt-4 fs-6\">\n\t\t\t\t\t\t\t\t<!-- wp:paragraph -->\n<p>M\u00f6glicherweise haben Sie Ihre E-Mail-Adresse falsch geschrieben oder Ihr Mailsystem betrachtet die E-Mail als Junk-Mail. Bitte \u00fcberpr\u00fcfen Sie zuerst Ihren Spam- und Promotionsordner. Wenn Sie Ihr Ticket dort nicht finden k\u00f6nnen, kontaktieren Sie bitte unser Team unter\u00a0<a href=\"mailto:rendezveny@reag-staging.tmg.hu\">rendezveny@reag-staging.tmg.hu<\/a>\u00a0per E-Mail.<\/p>\n<!-- \/wp:paragraph -->                            <\/div>\n\n                        <\/div>\n\n                    <\/div>\n\n\t\t\t\t\n                    <div class=\"accordion-item my-2\">\n\n                        <h2 class=\"accordion-header\">\n\n                            <button class=\"accordion-button collapsed fw-bold fs-6\"\n                                    type=\"button\"\n                                    data-bs-toggle=\"collapse\"\n                                    data-bs-target=\"#faq-collapse-9178\"\n                                    aria-expanded=\"false\"\n                                    aria-controls=\"faq-collapse-9178\"\n                            >\n\t\t\t\t\t\t\t\tKann ich meinen Hund mitbringen? Kleine Gr\u00f6\u00dfe.                            <\/button>\n\n                        <\/h2>\n\n                        <div id=\"faq-collapse-9178\"\n                             class=\"accordion-collapse collapse\"\n                             data-bs-parent=\"#faqAccordion\"\n                        >\n\n                            <div class=\"accordion-body pt-4 fs-6\">\n\t\t\t\t\t\t\t\t<!-- wp:paragraph -->\n<p>Hunde und andere Tiere sind bei der Veranstaltung nicht erlaubt!<\/p>\n<!-- \/wp:paragraph -->                            <\/div>\n\n                        <\/div>\n\n                    <\/div>\n\n\t\t\t\t\n            <\/div>\n\n        <\/div>\n\n        <div class=\"col-12 col-lg-4\">\n\n            <div class=\"d-flex flex-column align-items-center text-center\">\n\n                <div>\n                    <span class=\"font-size-huge text-light-green fw-bold\">?<\/span>\n                <\/div>\n\n                <div class=\"mb-4\">\n                    <span class=\"fs-2 fw-bold\">Haben Sie noch weitere Fragen?<\/span>\n                <\/div>\n\n                <div class=\"mb-5\">\n\n                    <span class=\"fw-light fs-6\">\n                        Wenn Sie die gesuchte Antwort nicht finden k\u00f6nnen, kontaktieren Sie uns bitte, indem Sie auf die Schaltfl\u00e4che unten klicken. Einer unserer Mitarbeiter wird Ihre Frage gerne beantworten!\n                    <\/span>\n\n                <\/div>\n\n                <div class=\"\">\n                    <a href=\"https:\/\/tmg.hu\/kapcsolat\"\n                       target=\"_blank\"\n                       class=\"btn btn-secondary rounded-0 text-white fw-bold text-uppercase px-5\">Kontakt<\/a>\n                <\/div>\n\n            <\/div>\n\n        <\/div>\n\n    <\/div>\n\n<\/div>\t\t\t\t<\/div>\n\t\t\t\t<\/div>\n\t\t\t\t\t<\/div>\n\t\t<\/div>\n\t\t\t\t\t<\/div>\n\t\t<\/section>\n\t\t\t\t\t<\/div>\n\t\t<\/div>\n\t\t\t\t\t<\/div>\n\t\t<\/section>\n\t\t\t\t<\/div>","protected":false},"excerpt":{"rendered":"","protected":false},"author":141,"featured_media":0,"parent":0,"menu_order":0,"comment_status":"closed","ping_status":"closed","template":"elementor_header_footer","meta":{"footnotes":""},"class_list":["post-10176","page","type-page","status-publish","hentry"],"yoast_head":"<!-- This site is optimized with the Yoast SEO plugin v24.8.1 - https:\/\/yoast.com\/wordpress\/plugins\/seo\/ -->\n<title>GYIK - Talajmeg\u00faj\u00edt\u00f3 Gazd\u00e1k Egyes\u00fclete<\/title>\n<meta name=\"robots\" content=\"index, follow, max-snippet:-1, max-image-preview:large, max-video-preview:-1\" \/>\n<link rel=\"canonical\" href=\"https:\/\/reag.devlocal\/gyik\/\" \/>\n<meta property=\"og:locale\" content=\"de_DE\" \/>\n<meta property=\"og:type\" content=\"article\" \/>\n<meta property=\"og:title\" content=\"GYIK - Talajmeg\u00faj\u00edt\u00f3 Gazd\u00e1k Egyes\u00fclete\" \/>\n<meta property=\"og:url\" content=\"https:\/\/reag.devlocal\/gyik\/\" \/>\n<meta property=\"og:site_name\" content=\"Talajmeg\u00faj\u00edt\u00f3 Gazd\u00e1k Egyes\u00fclete\" \/>\n<meta property=\"article:publisher\" content=\"https:\/\/www.facebook.com\/tmg.egyesulet\/\" \/>\n<meta property=\"article:modified_time\" content=\"2025-04-05T02:02:38+00:00\" \/>\n<meta property=\"og:image\" content=\"https:\/\/reag-staging.tmg.hu\/wp-content\/uploads\/2024\/10\/tmg_og_logo.png\" \/>\n\t<meta property=\"og:image:width\" content=\"1200\" \/>\n\t<meta property=\"og:image:height\" content=\"630\" \/>\n\t<meta property=\"og:image:type\" content=\"image\/png\" \/>\n<meta name=\"twitter:card\" content=\"summary_large_image\" \/>\n<meta name=\"twitter:label1\" content=\"Gesch\u00e4tzte Lesezeit\" \/>\n\t<meta name=\"twitter:data1\" content=\"1\u00a0Minute\" \/>\n<script type=\"application\/ld+json\" class=\"yoast-schema-graph\">{\"@context\":\"https:\/\/schema.org\",\"@graph\":[{\"@type\":\"WebPage\",\"@id\":\"https:\/\/reag.devlocal\/gyik\/\",\"url\":\"https:\/\/reag.devlocal\/gyik\/\",\"name\":\"GYIK - Talajmeg\u00faj\u00edt\u00f3 Gazd\u00e1k Egyes\u00fclete\",\"isPartOf\":{\"@id\":\"https:\/\/tmg.hu\/#website\"},\"datePublished\":\"2025-04-05T01:37:58+00:00\",\"dateModified\":\"2025-04-05T02:02:38+00:00\",\"breadcrumb\":{\"@id\":\"https:\/\/reag.devlocal\/gyik\/#breadcrumb\"},\"inLanguage\":\"de\",\"potentialAction\":[{\"@type\":\"ReadAction\",\"target\":[\"https:\/\/reag.devlocal\/gyik\/\"]}]},{\"@type\":\"BreadcrumbList\",\"@id\":\"https:\/\/reag.devlocal\/gyik\/#breadcrumb\",\"itemListElement\":[{\"@type\":\"ListItem\",\"position\":1,\"name\":\"Home\",\"item\":\"https:\/\/reag-staging.tmg.hu\/\"},{\"@type\":\"ListItem\",\"position\":2,\"name\":\"GYIK\"}]},{\"@type\":\"WebSite\",\"@id\":\"https:\/\/tmg.hu\/#website\",\"url\":\"https:\/\/tmg.hu\/\",\"name\":\"TMG - Talajmeg\u00faj\u00edt\u00f3 Gazd\u00e1k Egyes\u00fclete\",\"description\":\"Talajmeg\u00faj\u00edt\u00f3 Gazd\u00e1k Egyes\u00fclete\",\"publisher\":{\"@id\":\"https:\/\/tmg.hu\/#organization\"},\"potentialAction\":[{\"@type\":\"SearchAction\",\"target\":{\"@type\":\"EntryPoint\",\"urlTemplate\":\"https:\/\/tmg.hu\/?s={search_term_string}\"},\"query-input\":{\"@type\":\"PropertyValueSpecification\",\"valueRequired\":true,\"valueName\":\"search_term_string\"}}],\"inLanguage\":\"de\"},{\"@type\":\"Organization\",\"@id\":\"https:\/\/tmg.hu\/#organization\",\"name\":\"Talajmeg\u00faj\u00edt\u00f3 Gazd\u00e1k Egyes\u00fclete\",\"url\":\"https:\/\/tmg.hu\/\",\"logo\":{\"@type\":\"ImageObject\",\"inLanguage\":\"de\",\"@id\":\"https:\/\/tmg.hu\/#\/schema\/logo\/image\/\",\"url\":\"https:\/\/reag-staging.tmg.hu\/wp-content\/uploads\/2024\/10\/tmg_og_logo.png\",\"contentUrl\":\"https:\/\/reag-staging.tmg.hu\/wp-content\/uploads\/2024\/10\/tmg_og_logo.png\",\"width\":1200,\"height\":630,\"caption\":\"Talajmeg\u00faj\u00edt\u00f3 Gazd\u00e1k Egyes\u00fclete\"},\"image\":{\"@id\":\"https:\/\/tmg.hu\/#\/schema\/logo\/image\/\"},\"sameAs\":[\"https:\/\/www.facebook.com\/tmg.egyesulet\/\",\"https:\/\/www.instagram.com\/reag-staging.tmg.hu\/\",\"https:\/\/www.youtube.com\/@tmg_egyesulet\"]}]}<\/script>\n<!-- \/ Yoast SEO plugin. -->","yoast_head_json":{"title":"GYIK - Talajmeg\u00faj\u00edt\u00f3 Gazd\u00e1k Egyes\u00fclete","robots":{"index":"index","follow":"follow","max-snippet":"max-snippet:-1","max-image-preview":"max-image-preview:large","max-video-preview":"max-video-preview:-1"},"canonical":"https:\/\/reag.devlocal\/gyik\/","og_locale":"de_DE","og_type":"article","og_title":"GYIK - Talajmeg\u00faj\u00edt\u00f3 Gazd\u00e1k Egyes\u00fclete","og_url":"https:\/\/reag.devlocal\/gyik\/","og_site_name":"Talajmeg\u00faj\u00edt\u00f3 Gazd\u00e1k Egyes\u00fclete","article_publisher":"https:\/\/www.facebook.com\/tmg.egyesulet\/","article_modified_time":"2025-04-05T02:02:38+00:00","og_image":[{"width":1200,"height":630,"url":"https:\/\/reag-staging.tmg.hu\/wp-content\/uploads\/2024\/10\/tmg_og_logo.png","type":"image\/png"}],"twitter_card":"summary_large_image","twitter_misc":{"Gesch\u00e4tzte Lesezeit":"1\u00a0Minute"},"schema":{"@context":"https:\/\/schema.org","@graph":[{"@type":"WebPage","@id":"https:\/\/reag.devlocal\/gyik\/","url":"https:\/\/reag.devlocal\/gyik\/","name":"GYIK - Talajmeg\u00faj\u00edt\u00f3 Gazd\u00e1k Egyes\u00fclete","isPartOf":{"@id":"https:\/\/tmg.hu\/#website"},"datePublished":"2025-04-05T01:37:58+00:00","dateModified":"2025-04-05T02:02:38+00:00","breadcrumb":{"@id":"https:\/\/reag.devlocal\/gyik\/#breadcrumb"},"inLanguage":"de","potentialAction":[{"@type":"ReadAction","target":["https:\/\/reag.devlocal\/gyik\/"]}]},{"@type":"BreadcrumbList","@id":"https:\/\/reag.devlocal\/gyik\/#breadcrumb","itemListElement":[{"@type":"ListItem","position":1,"name":"Home","item":"https:\/\/reag-staging.tmg.hu\/"},{"@type":"ListItem","position":2,"name":"GYIK"}]},{"@type":"WebSite","@id":"https:\/\/tmg.hu\/#website","url":"https:\/\/tmg.hu\/","name":"TMG - Talajmeg\u00faj\u00edt\u00f3 Gazd\u00e1k Egyes\u00fclete","description":"Talajmeg\u00faj\u00edt\u00f3 Gazd\u00e1k Egyes\u00fclete","publisher":{"@id":"https:\/\/tmg.hu\/#organization"},"potentialAction":[{"@type":"SearchAction","target":{"@type":"EntryPoint","urlTemplate":"https:\/\/tmg.hu\/?s={search_term_string}"},"query-input":{"@type":"PropertyValueSpecification","valueRequired":true,"valueName":"search_term_string"}}],"inLanguage":"de"},{"@type":"Organization","@id":"https:\/\/tmg.hu\/#organization","name":"Talajmeg\u00faj\u00edt\u00f3 Gazd\u00e1k Egyes\u00fclete","url":"https:\/\/tmg.hu\/","logo":{"@type":"ImageObject","inLanguage":"de","@id":"https:\/\/tmg.hu\/#\/schema\/logo\/image\/","url":"https:\/\/reag-staging.tmg.hu\/wp-content\/uploads\/2024\/10\/tmg_og_logo.png","contentUrl":"https:\/\/reag-staging.tmg.hu\/wp-content\/uploads\/2024\/10\/tmg_og_logo.png","width":1200,"height":630,"caption":"Talajmeg\u00faj\u00edt\u00f3 Gazd\u00e1k Egyes\u00fclete"},"image":{"@id":"https:\/\/tmg.hu\/#\/schema\/logo\/image\/"},"sameAs":["https:\/\/www.facebook.com\/tmg.egyesulet\/","https:\/\/www.instagram.com\/reag-staging.tmg.hu\/","https:\/\/www.youtube.com\/@tmg_egyesulet"]}]}},"_links":{"self":[{"href":"https:\/\/reag-staging.tmg.hu\/de\/wp-json\/wp\/v2\/pages\/10176","targetHints":{"allow":["GET"]}}],"collection":[{"href":"https:\/\/reag-staging.tmg.hu\/de\/wp-json\/wp\/v2\/pages"}],"about":[{"href":"https:\/\/reag-staging.tmg.hu\/de\/wp-json\/wp\/v2\/types\/page"}],"author":[{"embeddable":true,"href":"https:\/\/reag-staging.tmg.hu\/de\/wp-json\/wp\/v2\/users\/141"}],"replies":[{"embeddable":true,"href":"https:\/\/reag-staging.tmg.hu\/de\/wp-json\/wp\/v2\/comments?post=10176"}],"version-history":[{"count":10,"href":"https:\/\/reag-staging.tmg.hu\/de\/wp-json\/wp\/v2\/pages\/10176\/revisions"}],"predecessor-version":[{"id":10210,"href":"https:\/\/reag-staging.tmg.hu\/de\/wp-json\/wp\/v2\/pages\/10176\/revisions\/10210"}],"wp:attachment":[{"href":"https:\/\/reag-staging.tmg.hu\/de\/wp-json\/wp\/v2\/media?parent=10176"}],"curies":[{"name":"wp","href":"https:\/\/api.w.org\/{rel}","templated":true}]}}