{"id":6297,"date":"2024-08-05T04:14:10","date_gmt":"2024-08-05T02:14:10","guid":{"rendered":"https:\/\/tmg.devlocal\/?page_id=6297"},"modified":"2025-04-05T04:06:15","modified_gmt":"2025-04-05T02:06:15","slug":"esemenyek","status":"publish","type":"page","link":"http:\/\/reag-staging.tmg.hu\/pl\/wydarzenia-2\/","title":{"rendered":"Wydarzenia"},"content":{"rendered":"<div data-elementor-type=\"wp-page\" data-elementor-id=\"6297\" class=\"elementor elementor-6297\" data-elementor-post-type=\"page\">\n\t\t\t\t\t\t<section class=\"elementor-section elementor-top-section elementor-element elementor-element-475eeb7 elementor-section-full_width elementor-section-height-default elementor-section-height-default\" data-id=\"475eeb7\" data-element_type=\"section\" data-settings=\"{&quot;background_background&quot;:&quot;classic&quot;}\">\n\t\t\t\t\t\t<div class=\"elementor-container elementor-column-gap-default\">\n\t\t\t\t\t<div class=\"elementor-column elementor-col-100 elementor-top-column elementor-element elementor-element-10b7858\" data-id=\"10b7858\" data-element_type=\"column\">\n\t\t\t<div class=\"elementor-widget-wrap elementor-element-populated\">\n\t\t\t\t\t\t<section class=\"elementor-section elementor-inner-section elementor-element elementor-element-b9d001d elementor-section-boxed elementor-section-height-default elementor-section-height-default\" data-id=\"b9d001d\" data-element_type=\"section\">\n\t\t\t\t\t\t<div class=\"elementor-container elementor-column-gap-default\">\n\t\t\t\t\t<div class=\"elementor-column elementor-col-100 elementor-inner-column elementor-element elementor-element-25a1cf1\" data-id=\"25a1cf1\" data-element_type=\"column\">\n\t\t\t<div class=\"elementor-widget-wrap elementor-element-populated\">\n\t\t\t\t\t\t<div class=\"elementor-element elementor-element-1c465f0 elementor-widget elementor-widget-heading\" data-id=\"1c465f0\" data-element_type=\"widget\" data-widget_type=\"heading.default\">\n\t\t\t\t<div class=\"elementor-widget-container\">\n\t\t\t\t\t<h2 class=\"elementor-heading-title elementor-size-default\">Nadchodz\u0105ce wydarzenia<\/h2>\t\t\t\t<\/div>\n\t\t\t\t<\/div>\n\t\t\t\t\t<\/div>\n\t\t<\/div>\n\t\t\t\t\t<\/div>\n\t\t<\/section>\n\t\t\t\t\t<\/div>\n\t\t<\/div>\n\t\t\t\t\t<\/div>\n\t\t<\/section>\n\t\t\t\t<section class=\"elementor-section elementor-top-section elementor-element elementor-element-780bc74 elementor-section-boxed elementor-section-height-default elementor-section-height-default\" data-id=\"780bc74\" data-element_type=\"section\">\n\t\t\t\t\t\t<div class=\"elementor-container elementor-column-gap-default\">\n\t\t\t\t\t<div class=\"elementor-column elementor-col-100 elementor-top-column elementor-element elementor-element-f2a4518\" data-id=\"f2a4518\" data-element_type=\"column\">\n\t\t\t<div class=\"elementor-widget-wrap elementor-element-populated\">\n\t\t\t\t\t\t<div class=\"elementor-element elementor-element-4271ef4 elementor-widget elementor-widget-text-editor\" data-id=\"4271ef4\" data-element_type=\"widget\" data-widget_type=\"text-editor.default\">\n\t\t\t\t<div class=\"elementor-widget-container\">\n\t\t\t\t\t\n<div class=\"list-events-container py-5\">\n\n    <div class=\"d-flex justify-content-center text-uppercase mb-5\">\n\n        <a href=\"http:\/\/reag-staging.tmg.hu\/pl\/esemenyek\"\n           class=\"px-3\">Bie\u017c\u0105ce wydarzenia\n        <\/a>\n\n        <a href=\"http:\/\/reag-staging.tmg.hu\/pl\/korabbi-rendezvenyeink\"\n           class=\"px-3\">Nasze poprzednie wydarzenia\n        <\/a>\n\n    <\/div>\n\n\t\n        <div class=\"alert alert-light\" role=\"alert\">\n\t\t\tNincsenek kor\u00e1bbi esem\u00e9nyek.        <\/div>\n\n\t\n\t\n<\/div>\n\t\t\t\t<p><\/p>\t\t\t\t\t\t\t\t<\/div>\n\t\t\t\t<\/div>\n\t\t\t\t\t<\/div>\n\t\t<\/div>\n\t\t\t\t\t<\/div>\n\t\t<\/section>\n\t\t\t\t<\/div>","protected":false},"excerpt":{"rendered":"<p>Nadchodz\u0105ce wydarzenia<\/p>","protected":false},"author":141,"featured_media":0,"parent":0,"menu_order":0,"comment_status":"closed","ping_status":"closed","template":"elementor_header_footer","meta":{"footnotes":""},"class_list":["post-6297","page","type-page","status-publish","hentry"],"yoast_head":"<!-- This site is optimized with the Yoast SEO plugin v24.8.1 - https:\/\/yoast.com\/wordpress\/plugins\/seo\/ -->\n<title>Esem\u00e9nyek - Talajmeg\u00faj\u00edt\u00f3 Gazd\u00e1k Egyes\u00fclete<\/title>\n<meta name=\"robots\" content=\"index, follow, max-snippet:-1, max-image-preview:large, max-video-preview:-1\" \/>\n<link rel=\"canonical\" href=\"https:\/\/reag.devlocal\/esemenyek\/\" \/>\n<meta property=\"og:locale\" content=\"pl_PL\" \/>\n<meta property=\"og:type\" content=\"article\" \/>\n<meta property=\"og:title\" content=\"Esem\u00e9nyek - Talajmeg\u00faj\u00edt\u00f3 Gazd\u00e1k Egyes\u00fclete\" \/>\n<meta property=\"og:description\" content=\"K\u00f6vetkez\u0151 rendezv\u00e9nyek\" \/>\n<meta property=\"og:url\" content=\"https:\/\/reag.devlocal\/esemenyek\/\" \/>\n<meta property=\"og:site_name\" content=\"Talajmeg\u00faj\u00edt\u00f3 Gazd\u00e1k Egyes\u00fclete\" \/>\n<meta property=\"article:publisher\" content=\"https:\/\/www.facebook.com\/tmg.egyesulet\/\" \/>\n<meta property=\"article:modified_time\" content=\"2025-04-05T02:06:15+00:00\" \/>\n<meta property=\"og:image\" content=\"https:\/\/reag-staging.tmg.hu\/wp-content\/uploads\/2024\/10\/tmg_og_logo.png\" \/>\n\t<meta property=\"og:image:width\" content=\"1200\" \/>\n\t<meta property=\"og:image:height\" content=\"630\" \/>\n\t<meta property=\"og:image:type\" content=\"image\/png\" \/>\n<meta name=\"twitter:card\" content=\"summary_large_image\" \/>\n<meta name=\"twitter:label1\" content=\"Szacowany czas czytania\" \/>\n\t<meta name=\"twitter:data1\" content=\"1 minuta\" \/>\n<script type=\"application\/ld+json\" class=\"yoast-schema-graph\">{\"@context\":\"https:\/\/schema.org\",\"@graph\":[{\"@type\":\"WebPage\",\"@id\":\"https:\/\/reag.devlocal\/esemenyek\/\",\"url\":\"https:\/\/reag.devlocal\/esemenyek\/\",\"name\":\"Esem\u00e9nyek - Talajmeg\u00faj\u00edt\u00f3 Gazd\u00e1k Egyes\u00fclete\",\"isPartOf\":{\"@id\":\"https:\/\/tmg.hu\/#website\"},\"datePublished\":\"2024-08-05T02:14:10+00:00\",\"dateModified\":\"2025-04-05T02:06:15+00:00\",\"breadcrumb\":{\"@id\":\"https:\/\/reag.devlocal\/esemenyek\/#breadcrumb\"},\"inLanguage\":\"pl-PL\",\"potentialAction\":[{\"@type\":\"ReadAction\",\"target\":[\"https:\/\/reag.devlocal\/esemenyek\/\"]}]},{\"@type\":\"BreadcrumbList\",\"@id\":\"https:\/\/reag.devlocal\/esemenyek\/#breadcrumb\",\"itemListElement\":[{\"@type\":\"ListItem\",\"position\":1,\"name\":\"Home\",\"item\":\"https:\/\/reag-staging.tmg.hu\/\"},{\"@type\":\"ListItem\",\"position\":2,\"name\":\"Esem\u00e9nyek\"}]},{\"@type\":\"WebSite\",\"@id\":\"https:\/\/tmg.hu\/#website\",\"url\":\"https:\/\/tmg.hu\/\",\"name\":\"TMG - Talajmeg\u00faj\u00edt\u00f3 Gazd\u00e1k Egyes\u00fclete\",\"description\":\"Talajmeg\u00faj\u00edt\u00f3 Gazd\u00e1k Egyes\u00fclete\",\"publisher\":{\"@id\":\"https:\/\/tmg.hu\/#organization\"},\"potentialAction\":[{\"@type\":\"SearchAction\",\"target\":{\"@type\":\"EntryPoint\",\"urlTemplate\":\"https:\/\/tmg.hu\/?s={search_term_string}\"},\"query-input\":{\"@type\":\"PropertyValueSpecification\",\"valueRequired\":true,\"valueName\":\"search_term_string\"}}],\"inLanguage\":\"pl-PL\"},{\"@type\":\"Organization\",\"@id\":\"https:\/\/tmg.hu\/#organization\",\"name\":\"Talajmeg\u00faj\u00edt\u00f3 Gazd\u00e1k Egyes\u00fclete\",\"url\":\"https:\/\/tmg.hu\/\",\"logo\":{\"@type\":\"ImageObject\",\"inLanguage\":\"pl-PL\",\"@id\":\"https:\/\/tmg.hu\/#\/schema\/logo\/image\/\",\"url\":\"https:\/\/reag-staging.tmg.hu\/wp-content\/uploads\/2024\/10\/tmg_og_logo.png\",\"contentUrl\":\"https:\/\/reag-staging.tmg.hu\/wp-content\/uploads\/2024\/10\/tmg_og_logo.png\",\"width\":1200,\"height\":630,\"caption\":\"Talajmeg\u00faj\u00edt\u00f3 Gazd\u00e1k Egyes\u00fclete\"},\"image\":{\"@id\":\"https:\/\/tmg.hu\/#\/schema\/logo\/image\/\"},\"sameAs\":[\"https:\/\/www.facebook.com\/tmg.egyesulet\/\",\"https:\/\/www.instagram.com\/reag-staging.tmg.hu\/\",\"https:\/\/www.youtube.com\/@tmg_egyesulet\"]}]}<\/script>\n<!-- \/ Yoast SEO plugin. -->","yoast_head_json":{"title":"Esem\u00e9nyek - Talajmeg\u00faj\u00edt\u00f3 Gazd\u00e1k Egyes\u00fclete","robots":{"index":"index","follow":"follow","max-snippet":"max-snippet:-1","max-image-preview":"max-image-preview:large","max-video-preview":"max-video-preview:-1"},"canonical":"https:\/\/reag.devlocal\/esemenyek\/","og_locale":"pl_PL","og_type":"article","og_title":"Esem\u00e9nyek - Talajmeg\u00faj\u00edt\u00f3 Gazd\u00e1k Egyes\u00fclete","og_description":"K\u00f6vetkez\u0151 rendezv\u00e9nyek","og_url":"https:\/\/reag.devlocal\/esemenyek\/","og_site_name":"Talajmeg\u00faj\u00edt\u00f3 Gazd\u00e1k Egyes\u00fclete","article_publisher":"https:\/\/www.facebook.com\/tmg.egyesulet\/","article_modified_time":"2025-04-05T02:06:15+00:00","og_image":[{"width":1200,"height":630,"url":"https:\/\/reag-staging.tmg.hu\/wp-content\/uploads\/2024\/10\/tmg_og_logo.png","type":"image\/png"}],"twitter_card":"summary_large_image","twitter_misc":{"Szacowany czas czytania":"1 minuta"},"schema":{"@context":"https:\/\/schema.org","@graph":[{"@type":"WebPage","@id":"https:\/\/reag.devlocal\/esemenyek\/","url":"https:\/\/reag.devlocal\/esemenyek\/","name":"Esem\u00e9nyek - Talajmeg\u00faj\u00edt\u00f3 Gazd\u00e1k Egyes\u00fclete","isPartOf":{"@id":"https:\/\/tmg.hu\/#website"},"datePublished":"2024-08-05T02:14:10+00:00","dateModified":"2025-04-05T02:06:15+00:00","breadcrumb":{"@id":"https:\/\/reag.devlocal\/esemenyek\/#breadcrumb"},"inLanguage":"pl-PL","potentialAction":[{"@type":"ReadAction","target":["https:\/\/reag.devlocal\/esemenyek\/"]}]},{"@type":"BreadcrumbList","@id":"https:\/\/reag.devlocal\/esemenyek\/#breadcrumb","itemListElement":[{"@type":"ListItem","position":1,"name":"Home","item":"https:\/\/reag-staging.tmg.hu\/"},{"@type":"ListItem","position":2,"name":"Esem\u00e9nyek"}]},{"@type":"WebSite","@id":"https:\/\/tmg.hu\/#website","url":"https:\/\/tmg.hu\/","name":"TMG - Talajmeg\u00faj\u00edt\u00f3 Gazd\u00e1k Egyes\u00fclete","description":"Talajmeg\u00faj\u00edt\u00f3 Gazd\u00e1k Egyes\u00fclete","publisher":{"@id":"https:\/\/tmg.hu\/#organization"},"potentialAction":[{"@type":"SearchAction","target":{"@type":"EntryPoint","urlTemplate":"https:\/\/tmg.hu\/?s={search_term_string}"},"query-input":{"@type":"PropertyValueSpecification","valueRequired":true,"valueName":"search_term_string"}}],"inLanguage":"pl-PL"},{"@type":"Organization","@id":"https:\/\/tmg.hu\/#organization","name":"Talajmeg\u00faj\u00edt\u00f3 Gazd\u00e1k Egyes\u00fclete","url":"https:\/\/tmg.hu\/","logo":{"@type":"ImageObject","inLanguage":"pl-PL","@id":"https:\/\/tmg.hu\/#\/schema\/logo\/image\/","url":"https:\/\/reag-staging.tmg.hu\/wp-content\/uploads\/2024\/10\/tmg_og_logo.png","contentUrl":"https:\/\/reag-staging.tmg.hu\/wp-content\/uploads\/2024\/10\/tmg_og_logo.png","width":1200,"height":630,"caption":"Talajmeg\u00faj\u00edt\u00f3 Gazd\u00e1k Egyes\u00fclete"},"image":{"@id":"https:\/\/tmg.hu\/#\/schema\/logo\/image\/"},"sameAs":["https:\/\/www.facebook.com\/tmg.egyesulet\/","https:\/\/www.instagram.com\/reag-staging.tmg.hu\/","https:\/\/www.youtube.com\/@tmg_egyesulet"]}]}},"_links":{"self":[{"href":"http:\/\/reag-staging.tmg.hu\/pl\/wp-json\/wp\/v2\/pages\/6297","targetHints":{"allow":["GET"]}}],"collection":[{"href":"http:\/\/reag-staging.tmg.hu\/pl\/wp-json\/wp\/v2\/pages"}],"about":[{"href":"http:\/\/reag-staging.tmg.hu\/pl\/wp-json\/wp\/v2\/types\/page"}],"author":[{"embeddable":true,"href":"http:\/\/reag-staging.tmg.hu\/pl\/wp-json\/wp\/v2\/users\/141"}],"replies":[{"embeddable":true,"href":"http:\/\/reag-staging.tmg.hu\/pl\/wp-json\/wp\/v2\/comments?post=6297"}],"version-history":[{"count":3,"href":"http:\/\/reag-staging.tmg.hu\/pl\/wp-json\/wp\/v2\/pages\/6297\/revisions"}],"predecessor-version":[{"id":10216,"href":"http:\/\/reag-staging.tmg.hu\/pl\/wp-json\/wp\/v2\/pages\/6297\/revisions\/10216"}],"wp:attachment":[{"href":"http:\/\/reag-staging.tmg.hu\/pl\/wp-json\/wp\/v2\/media?parent=6297"}],"curies":[{"name":"wp","href":"https:\/\/api.w.org\/{rel}","templated":true}]}}